{"id":6891,"date":"2023-09-21T17:45:20","date_gmt":"2023-09-21T09:45:20","guid":{"rendered":"https:\/\/rewa.tech\/?page_id=6891"},"modified":"2025-04-22T11:32:48","modified_gmt":"2025-04-22T03:32:48","slug":"datenschutzbestimmungen","status":"publish","type":"page","link":"https:\/\/rewa.tech\/de\/privacy-policy\/","title":{"rendered":"Datenschutzbestimmungen"},"content":{"rendered":"<div data-elementor-type=\"wp-page\" data-elementor-id=\"6891\" class=\"elementor elementor-6891\" data-elementor-post-type=\"page\">\n\t\t\t\t<section data-particle_enable=\"false\" data-particle-mobile-disabled=\"false\" class=\"elementor-element elementor-element-b04a04b e-flex e-con-boxed e-con e-parent\" data-id=\"b04a04b\" data-element_type=\"container\" data-e-type=\"container\">\n\t\t\t\t\t<div class=\"e-con-inner\">\n\t\t\t\t<div class=\"elementor-element elementor-element-c456d72 elementor-widget elementor-widget-heading\" data-id=\"c456d72\" data-element_type=\"widget\" data-e-type=\"widget\" data-widget_type=\"heading.default\">\n\t\t\t\t\t<h1 class=\"elementor-heading-title elementor-size-default\">Datenschutzbestimmungen<\/h1>\t\t\t\t<\/div>\n\t\t\t\t<div class=\"elementor-element elementor-element-3623edc elementor-widget elementor-widget-image\" data-id=\"3623edc\" data-element_type=\"widget\" data-e-type=\"widget\" data-widget_type=\"image.default\">\n\t\t\t\t\t\t\t\t\t\t\t\t\t\t\t<img fetchpriority=\"high\" decoding=\"async\" width=\"1200\" height=\"312\" src=\"https:\/\/rewa.tech\/wp-content\/uploads\/2024\/06\/img_privacypolicy_banner.jpg\" class=\"attachment-full size-full wp-image-25467\" alt=\"\" srcset=\"https:\/\/rewa.tech\/wp-content\/uploads\/2024\/06\/img_privacypolicy_banner.jpg 1200w, https:\/\/rewa.tech\/wp-content\/uploads\/2024\/06\/img_privacypolicy_banner-300x78.jpg 300w, https:\/\/rewa.tech\/wp-content\/uploads\/2024\/06\/img_privacypolicy_banner-1024x266.jpg 1024w, https:\/\/rewa.tech\/wp-content\/uploads\/2024\/06\/img_privacypolicy_banner-768x200.jpg 768w\" sizes=\"(max-width: 1200px) 100vw, 1200px\" title=\"\">\t\t\t\t\t\t\t\t\t\t\t\t\t\t\t<\/div>\n\t\t\t\t<div class=\"elementor-element elementor-element-32ae676 my-Text elementor-widget__width-initial elementor-widget-mobile__width-inherit elementor-widget elementor-widget-text-editor\" data-id=\"32ae676\" data-element_type=\"widget\" data-e-type=\"widget\" data-widget_type=\"text-editor.default\">\n\t\t\t\t\t\t\t\t\t<h2>Datenschutzrichtlinie f\u00fcr REWA Tech<\/h2><p>Bei REWA Tech, erreichbar unter https:\/\/rewa.tech, ist eine unserer wichtigsten Priorit\u00e4ten der Schutz der Privatsph\u00e4re unserer Besucher. Diese Datenschutzrichtlinie enth\u00e4lt die Arten von Informationen, die von REWA Tech gesammelt und aufgezeichnet werden und wie wir sie verwenden.<\/p><p>Wenn Sie weitere Fragen haben oder mehr Informationen \u00fcber unsere Datenschutzpolitik ben\u00f6tigen, z\u00f6gern Sie nicht, uns zu kontaktieren.<\/p><hr class=\"style-two\" \/><h2>E-Mail-Kommunikation<\/h2><p>Wenn Benutzer ein Formular auf der REWA Tech Website ausf\u00fcllen, k\u00f6nnen wir ihre E-Mail-Adressen erfassen. Indem Sie Ihre E-Mail Adresse angeben, erkl\u00e4ren Sie sich damit einverstanden, dass wir sie verwenden d\u00fcrfen, um Ihnen Marketingmitteilungen wie Neuigkeiten \u00fcber neue Produkte, Werbeangebote, Gutscheine, Tipps, Anleitungen und andere relevante Informationen zu schicken.<\/p><p>Wenn Sie diese Marketing-E-Mails nicht erhalten m\u00f6chten, k\u00f6nnen Sie diese jederzeit abbestellen, indem Sie die in jeder E-Mail enthaltenen Anweisungen zur Abbestellung befolgen oder sich direkt an uns wenden. Wir verpflichten uns, Ihre Privatsph\u00e4re zu respektieren und geben Ihre E-Mail-Adresse nicht ohne Ihre ausdr\u00fcckliche Zustimmung zu Marketingzwecken an Dritte weiter.<\/p><hr class=\"style-two\" \/><h2>Log-Dateien<\/h2><p>REWA Tech verwendet standardm\u00e4\u00dfig Protokolldateien. Diese Dateien protokollieren die Besuche von Besuchern auf Websites. Alle Hosting-Firmen tun dies und sind Teil der Analytik der Hosting-Dienste. Die in den Logdateien gesammelten Informationen umfassen IP-Adressen, Browsertyp, Internet Service Provider (ISP), Datums- und Zeitstempel, verweisende und verlassende Seiten und m\u00f6glicherweise die Anzahl der Klicks. Diese Daten werden nicht mit Informationen verkn\u00fcpft, die eine pers\u00f6nliche Identifizierung erm\u00f6glichen. Der Zweck dieser Informationen ist es, Trends zu analysieren, die Website zu verwalten, die Bewegungen der Nutzer auf der Website zu verfolgen und demografische Informationen zu sammeln.<\/p><hr class=\"style-two\" \/><h2>Cookies und Web Beacons<\/h2><p>Wie jede andere Website auch, verwendet REWA Tech \"Cookies\". Diese Cookies werden verwendet, um Informationen zu speichern, einschlie\u00dflich der Pr\u00e4ferenzen der Besucher und der Seiten auf der Website, die der Besucher aufgerufen oder besucht hat. Die Informationen werden verwendet, um die Erfahrung des Benutzers zu optimieren, indem der Inhalt unserer Webseite auf der Grundlage des Browsertyps des Besuchers und\/oder anderer Informationen angepasst wird.<\/p><hr class=\"style-two\" \/><h2>Datenschutzrichtlinien<\/h2><p>Sie k\u00f6nnen diese Liste konsultieren, um die Datenschutzbestimmungen f\u00fcr jeden der Werbepartner von REWA Tech zu finden.<\/p><p>Werbeserver oder Werbenetzwerke von Drittanbietern verwenden Technologien wie Cookies, JavaScript oder Web Beacons, die in ihren jeweiligen Anzeigen und Links, die auf REWA Tech erscheinen, verwendet werden und direkt an die Browser der Nutzer gesendet werden. Sie erhalten automatisch Ihre IP-Adresse, wenn dies geschieht. Diese Technologien werden verwendet, um die Wirksamkeit ihrer Werbekampagnen zu messen und\/oder um die Werbeinhalte, die Sie auf den von Ihnen besuchten Websites sehen, zu personalisieren.<\/p><p>Beachten Sie, dass REWA Tech keinen Zugang zu oder Kontrolle \u00fcber diese Cookies hat, die von Drittanbietern verwendet werden.<\/p><hr class=\"style-two\" \/><h2>Datenschutzrichtlinien von Dritten<\/h2><p>Die Datenschutzrichtlinien von REWA Tech gelten nicht f\u00fcr andere Werbetreibende oder Websites. Wir raten Ihnen daher, die jeweiligen Datenschutzrichtlinien dieser dritten Werbeserver zu konsultieren, um genauere Informationen zu erhalten. Sie k\u00f6nnen deren Praktiken und Anweisungen dar\u00fcber enthalten, wie Sie bestimmte Optionen ausschalten k\u00f6nnen.<\/p><p>Sie k\u00f6nnen Cookies \u00fcber Ihre individuellen Browseroptionen deaktivieren. Ausf\u00fchrlichere Informationen zur Cookie-Verwaltung mit bestimmten Webbrowsern finden Sie auf den jeweiligen Websites der Browser.<\/p><hr class=\"style-two\" \/><h2>Informationen f\u00fcr Kinder<\/h2><p>Ein weiterer Teil unserer Priorit\u00e4t ist der Schutz von Kindern bei der Nutzung des Internets. Wir ermutigen Eltern und Erziehungsberechtigte, ihre Online-Aktivit\u00e4ten zu beobachten, sich daran zu beteiligen und\/oder sie zu \u00fcberwachen und zu leiten.<\/p><p>REWA Tech sammelt wissentlich keine pers\u00f6nlichen Daten von Kindern unter 13 Jahren. Wenn Sie glauben, dass Ihr Kind diese Art von Informationen auf unserer Website zur Verf\u00fcgung gestellt hat, empfehlen wir Ihnen dringend, uns sofort zu kontaktieren, und wir werden unser Bestes tun, um solche Informationen umgehend aus unseren Unterlagen zu entfernen.<\/p><hr class=\"style-two\" \/><h2>Nur Online-Datenschutzerkl\u00e4rung<\/h2><p>Diese Datenschutzrichtlinie bezieht sich nur auf unsere Online-Aktivit\u00e4ten und gilt f\u00fcr die Besucher unserer Website in Bezug auf die Informationen, die sie REWA Tech mitteilen und\/oder sammeln. Diese Politik gilt nicht f\u00fcr Informationen, die offline oder \u00fcber andere Kan\u00e4le als diese Website gesammelt werden.<\/p><hr class=\"style-two\" \/><h2>Zustimmung<\/h2><p>Durch die Nutzung unserer Website erkl\u00e4ren Sie sich mit unserer Datenschutzrichtlinie einverstanden und stimmen den darin enthaltenen Bedingungen und Konditionen zu.<\/p>\t\t\t\t\t\t\t\t<\/div>\n\t\t\t\t\t<\/div>\n\t\t\t\t<\/section>\n\t\t\t\t<\/div>","protected":false},"excerpt":{"rendered":"<p>Privacy Policy Privacy Policy For REWA Tech At REWA Tech, accessible from https:\/\/rewa.tech, one of our main priorities is the privacy of our visitors. This Privacy Policy document contains types of information that are collected and recorded by REWA Tech and how we use it. If you have additional questions or require more information about [&hellip;]<\/p>\n","protected":false},"author":1,"featured_media":0,"parent":0,"menu_order":0,"comment_status":"closed","ping_status":"closed","template":"","meta":{"footnotes":""},"class_list":["post-6891","page","type-page","status-publish","hentry"],"_links":{"self":[{"href":"https:\/\/rewa.tech\/de\/wp-json\/wp\/v2\/pages\/6891","targetHints":{"allow":["GET"]}}],"collection":[{"href":"https:\/\/rewa.tech\/de\/wp-json\/wp\/v2\/pages"}],"about":[{"href":"https:\/\/rewa.tech\/de\/wp-json\/wp\/v2\/types\/page"}],"author":[{"embeddable":true,"href":"https:\/\/rewa.tech\/de\/wp-json\/wp\/v2\/users\/1"}],"replies":[{"embeddable":true,"href":"https:\/\/rewa.tech\/de\/wp-json\/wp\/v2\/comments?post=6891"}],"version-history":[{"count":0,"href":"https:\/\/rewa.tech\/de\/wp-json\/wp\/v2\/pages\/6891\/revisions"}],"wp:attachment":[{"href":"https:\/\/rewa.tech\/de\/wp-json\/wp\/v2\/media?parent=6891"}],"curies":[{"name":"wp","href":"https:\/\/api.w.org\/{rel}","templated":true}]}}