{"id":6902,"date":"2023-09-21T17:51:38","date_gmt":"2023-09-21T09:51:38","guid":{"rendered":"https:\/\/rewa.tech\/?page_id=6902"},"modified":"2025-05-07T18:13:07","modified_gmt":"2025-05-07T10:13:07","slug":"bedingungen","status":"publish","type":"page","link":"https:\/\/rewa.tech\/de\/terms-conditions\/","title":{"rendered":"Bedingungen und Konditionen"},"content":{"rendered":"<div data-elementor-type=\"wp-page\" data-elementor-id=\"6902\" class=\"elementor elementor-6902\" data-elementor-post-type=\"page\">\n\t\t\t\t<section data-particle_enable=\"false\" data-particle-mobile-disabled=\"false\" class=\"elementor-element elementor-element-778beca e-flex e-con-boxed e-con e-parent\" data-id=\"778beca\" data-element_type=\"container\" data-e-type=\"container\">\n\t\t\t\t\t<div class=\"e-con-inner\">\n\t\t\t\t<div class=\"elementor-element elementor-element-7e66da0 elementor-widget elementor-widget-heading\" data-id=\"7e66da0\" data-element_type=\"widget\" data-e-type=\"widget\" data-widget_type=\"heading.default\">\n\t\t\t\t\t<h1 class=\"elementor-heading-title elementor-size-default\">Bedingungen und Konditionen<\/h1>\t\t\t\t<\/div>\n\t\t\t\t<div class=\"elementor-element elementor-element-836e5e3 elementor-widget elementor-widget-image\" data-id=\"836e5e3\" data-element_type=\"widget\" data-e-type=\"widget\" data-widget_type=\"image.default\">\n\t\t\t\t\t\t\t\t\t\t\t\t\t\t\t<img fetchpriority=\"high\" decoding=\"async\" width=\"1200\" height=\"312\" src=\"https:\/\/rewa.tech\/wp-content\/uploads\/2024\/06\/img_terms_banner.jpg\" class=\"attachment-full size-full wp-image-25468\" alt=\"Bedingungen und Konditionen\" srcset=\"https:\/\/rewa.tech\/wp-content\/uploads\/2024\/06\/img_terms_banner.jpg 1200w, https:\/\/rewa.tech\/wp-content\/uploads\/2024\/06\/img_terms_banner-300x78.jpg 300w, https:\/\/rewa.tech\/wp-content\/uploads\/2024\/06\/img_terms_banner-1024x266.jpg 1024w, https:\/\/rewa.tech\/wp-content\/uploads\/2024\/06\/img_terms_banner-768x200.jpg 768w\" sizes=\"(max-width: 1200px) 100vw, 1200px\" title=\"\">\t\t\t\t\t\t\t\t\t\t\t\t\t\t\t<\/div>\n\t\t\t\t\t<\/div>\n\t\t\t\t<\/section>\n\t\t<section data-particle_enable=\"false\" data-particle-mobile-disabled=\"false\" class=\"elementor-element elementor-element-ae40832 e-flex e-con-boxed e-con e-parent\" data-id=\"ae40832\" data-element_type=\"container\" data-e-type=\"container\">\n\t\t\t\t\t<div class=\"e-con-inner\">\n\t\t\t\t<div class=\"elementor-element elementor-element-e5107c0 my-Text elementor-widget__width-initial elementor-widget-mobile__width-inherit elementor-widget elementor-widget-text-editor\" data-id=\"e5107c0\" data-element_type=\"widget\" data-e-type=\"widget\" data-widget_type=\"text-editor.default\">\n\t\t\t\t\t\t\t\t\t<h2>Bedingungen und Konditionen f\u00fcr REWA Tech<\/h2><p>Willkommen bei REWA Tech!<\/p><p>Diese Bedingungen beschreiben die Regeln und Vorschriften f\u00fcr die Nutzung der Website von REWA Tech, die sich unter https:\/\/rewa.tech befindet.<\/p><p>Wenn Sie auf diese Website zugreifen, gehen wir davon aus, dass Sie diese Bedingungen und Konditionen akzeptieren. Fahren Sie nicht fort, REWA Tech zu nutzen, wenn Sie nicht mit allen auf dieser Seite genannten Bedingungen und Konditionen einverstanden sind.<\/p><p>Die folgende Terminologie gilt f\u00fcr diese Allgemeinen Gesch\u00e4ftsbedingungen, die Datenschutzerkl\u00e4rung und den Haftungsausschluss sowie alle Vereinbarungen: \"Kunde\", \"Sie\" und \"Ihr\" bezieht sich auf Sie, die Person, die sich auf dieser Website anmeldet und den Bedingungen des Unternehmens zustimmt. \"Das Unternehmen\", \"Wir\", \"Wir\", \"Unser\" und \"Uns\", bezieht sich auf unser Unternehmen. \"Partei\", \"Parteien\" oder \"uns\" bezieht sich sowohl auf den Kunden als auch auf uns. Alle Begriffe beziehen sich auf das Angebot, die Annahme und die Ber\u00fccksichtigung der Zahlung, die erforderlich sind, um den Prozess unserer Unterst\u00fctzung f\u00fcr den Kunden in der am besten geeigneten Art und Weise f\u00fcr den ausdr\u00fccklichen Zweck der Erf\u00fcllung der Bed\u00fcrfnisse des Kunden in Bezug auf die Bereitstellung der genannten Dienstleistungen des Unternehmens, in \u00dcbereinstimmung mit und vorbehaltlich des geltenden niederl\u00e4ndischen Rechts, durchzuf\u00fchren. Jegliche Verwendung der obigen Terminologie oder anderer W\u00f6rter in der Einzahl, Mehrzahl, Gro\u00dfschreibung und\/oder er\/sie oder sie, werden als austauschbar angesehen und beziehen sich daher auf dasselbe.<\/p><hr class=\"style-two\" \/><h2>Cookies<\/h2><p>Wir verwenden Cookies. Indem Sie auf REWA Tech zugreifen, stimmen Sie der Verwendung von Cookies in \u00dcbereinstimmung mit der Datenschutzrichtlinie von REWA Tech zu.<\/p><p>Die meisten interaktiven Websites verwenden Cookies, damit wir bei jedem Besuch die Daten des Nutzers abrufen k\u00f6nnen. Cookies werden von unserer Website verwendet, um die Funktionalit\u00e4t bestimmter Bereiche zu erm\u00f6glichen und den Besuchern unserer Website den Zugang zu erleichtern. Einige unserer Tochtergesellschaften\/Werbepartner k\u00f6nnen ebenfalls Cookies verwenden.<\/p><hr class=\"style-two\" \/><h2>Lizenz<\/h2><p>Sofern nicht anders angegeben, sind die REWA Tech und\/oder ihre Lizenzgeber Inhaber der Rechte am geistigen Eigentum f\u00fcr das gesamte Material auf REWA Tech. Alle geistigen Eigentumsrechte sind vorbehalten. Sie k\u00f6nnen f\u00fcr Ihren pers\u00f6nlichen Gebrauch auf REWA Tech zugreifen, vorbehaltlich der in diesen Bedingungen und Konditionen festgelegten Einschr\u00e4nkungen.<\/p><p>Das d\u00fcrfen Sie nicht:<\/p><ul><li>Wiederver\u00f6ffentlichung von Material von REWA Tech<\/li><li>Verkauf, Vermietung oder Unterlizenzierung von Material von REWA Tech<\/li><li>Material von REWA Tech zu reproduzieren, zu vervielf\u00e4ltigen oder zu kopieren<\/li><li>Weiterverbreitung von Inhalten von REWA Tech<\/li><\/ul><p>Dieses Abkommen beginnt mit dem Datum dieses Abkommens.<\/p><p>Teile dieser Website bieten den Benutzern die M\u00f6glichkeit, in bestimmten Bereichen der Website Meinungen und Informationen zu ver\u00f6ffentlichen und auszutauschen. Die REWA Tech filtert, bearbeitet, ver\u00f6ffentlicht oder \u00fcberpr\u00fcft die Kommentare nicht, bevor sie auf der Website erscheinen. Die Kommentare spiegeln nicht die Ansichten und Meinungen der REWA Tech, ihrer Vertreter und\/oder ihrer Tochtergesellschaften wider. Kommentare spiegeln die Ansichten und Meinungen der Person wider, die ihre Ansichten und Meinungen ver\u00f6ffentlicht. Soweit es die geltenden Gesetze zulassen, haftet der REWA Tech nicht f\u00fcr die Kommentare oder f\u00fcr jegliche Haftung, Sch\u00e4den oder Kosten, die durch die Nutzung und\/oder Ver\u00f6ffentlichung und\/oder das Erscheinen der Kommentare auf dieser Website verursacht und\/oder erlitten werden.<\/p><p>Die REWA Tech beh\u00e4lt sich das Recht vor, alle Kommentare zu \u00fcberwachen und alle Kommentare zu entfernen, die als unangemessen oder beleidigend angesehen werden k\u00f6nnen oder einen Versto\u00df gegen die vorliegenden Bedingungen darstellen.<\/p><p>Sie garantieren und sichern zu, dass:<\/p><ul><li>Sie sind berechtigt, die Kommentare auf unserer Website zu ver\u00f6ffentlichen, und verf\u00fcgen \u00fcber alle erforderlichen Lizenzen und Genehmigungen, um dies zu tun;<\/li><li>Die Kommentare verletzen keine Rechte an geistigem Eigentum, einschlie\u00dflich, aber nicht beschr\u00e4nkt auf Urheberrechte, Patente oder Marken Dritter;<\/li><li>Die Kommentare enthalten kein verleumderisches, beleidigendes, anst\u00f6\u00dfiges, unanst\u00e4ndiges oder anderweitig rechtswidriges Material, das eine Verletzung der Privatsph\u00e4re darstellt<\/li><li>Die Kommentare werden nicht verwendet, um f\u00fcr Gesch\u00e4fte oder Gewohnheiten zu werben oder kommerzielle Aktivit\u00e4ten oder ungesetzliche Aktivit\u00e4ten darzustellen.<\/li><\/ul><p>Sie gew\u00e4hren REWA Tech hiermit eine nicht-exklusive Lizenz zur Nutzung, Vervielf\u00e4ltigung, Bearbeitung und Autorisierung anderer zur Nutzung, Vervielf\u00e4ltigung und Bearbeitung aller Ihrer Kommentare in allen Formen, Formaten oder Medien.<\/p><hr class=\"style-two\" \/><h2>Verlinkung zu unserem Inhalt<\/h2><p>Die folgenden Organisationen d\u00fcrfen ohne vorherige schriftliche Genehmigung auf unsere Website verlinken:<\/p><ul><li>Staatliche Stellen;<\/li><li>Suchmaschinen;<\/li><li>Nachrichtenorganisationen;<\/li><li>Anbieter von Online-Verzeichnissen k\u00f6nnen auf unsere Website in der gleichen Weise verlinken, wie sie auf die Websites anderer gelisteter Unternehmen verlinken; und<\/li><li>Systemweit akkreditierte Unternehmen mit Ausnahme von gemeinn\u00fctzigen Organisationen, Wohlt\u00e4tigkeits-Einkaufszentren und Wohlt\u00e4tigkeits-Fundraising-Gruppen, die keine Hyperlinks zu unserer Website herstellen d\u00fcrfen.<\/li><\/ul><p>Diese Organisationen d\u00fcrfen auf unsere Homepage, auf Ver\u00f6ffentlichungen oder auf andere Informationen auf der Website verlinken, solange der Link (a) in keiner Weise irref\u00fchrend ist; (b) nicht f\u00e4lschlicherweise ein Sponsoring, eine Bef\u00fcrwortung oder eine Genehmigung der verlinkenden Partei und ihrer Produkte und\/oder Dienstleistungen impliziert; und (c) in den Kontext der Website der verlinkenden Partei passt.<\/p><p>Wir k\u00f6nnen andere Linkanfragen von den folgenden Arten von Organisationen ber\u00fccksichtigen und genehmigen:<\/p><ul><li>allgemein bekannte Informationsquellen f\u00fcr Verbraucher und\/oder Unternehmen;<\/li><li>dot.com-Gemeinschaftsseiten;<\/li><li>Verb\u00e4nde oder andere Gruppen, die Wohlt\u00e4tigkeitsorganisationen vertreten;<\/li><li>Online-Verzeichnisse f\u00fcr H\u00e4ndler;<\/li><li>Internetportale;<\/li><li>Wirtschaftspr\u00fcfungs-, Anwalts- und Beratungsunternehmen und<\/li><li>Bildungseinrichtungen und Berufsverb\u00e4nde.<\/li><\/ul><p>Wir werden Linkanfragen von diesen Organisationen genehmigen, wenn wir entscheiden, dass: (a) der Link uns oder unsere akkreditierten Unternehmen nicht in ein schlechtes Licht r\u00fccken w\u00fcrde; (b) die Organisation keine negativen Eintr\u00e4ge bei uns hat; (c) der Nutzen, den wir aus der Sichtbarkeit des Hyperlinks ziehen, die Abwesenheit von REWA Tech ausgleicht; und (d) der Link im Zusammenhang mit allgemeinen Informationen steht.<\/p><p>Diese Organisationen d\u00fcrfen auf unsere Homepage verlinken, solange der Link: (a) in keiner Weise irref\u00fchrend ist; (b) nicht f\u00e4lschlicherweise ein Sponsoring, eine Bef\u00fcrwortung oder eine Genehmigung der verlinkenden Partei und ihrer Produkte oder Dienstleistungen impliziert; und (c) in den Kontext der Website der verlinkenden Partei passt.<\/p><p>Wenn Sie eine der in Absatz 2 genannten Organisationen sind und an einer Verlinkung zu unserer Website interessiert sind, m\u00fcssen Sie uns dies per E-Mail an REWA Tech mitteilen. Bitte geben Sie Ihren Namen, den Namen Ihrer Organisation und Ihre Kontaktinformationen an sowie die URL Ihrer Website, eine Liste aller URLs, von denen aus Sie auf unsere Website verlinken wollen, und eine Liste der URLs auf unserer Website, auf die Sie verlinken wollen. Warten Sie 2-3 Wochen auf eine Antwort.<\/p><p>Zugelassene Organisationen d\u00fcrfen Hyperlinks zu unserer Website wie folgt setzen:<\/p><ul><li>durch Verwendung unseres Firmennamens; oder<\/li><li>durch Verwendung des Uniform Resource Locator, auf den verlinkt wird; oder<\/li><li>Durch die Verwendung einer anderen Beschreibung unserer Website, auf die verlinkt wird, die im Kontext und im Format des Inhalts der Website der verlinkenden Partei sinnvoll ist.<\/li><\/ul><p>Die Verwendung des Logos von REWA Tech oder anderer Grafiken f\u00fcr die Verlinkung ist ohne eine Markenlizenzvereinbarung nicht gestattet.<\/p><hr class=\"style-two\" \/><h2>iFrames<\/h2><p>Ohne vorherige Genehmigung und schriftliche Zustimmung d\u00fcrfen Sie keine Frames um unsere Webseiten herum erstellen, die die visuelle Darstellung oder das Aussehen unserer Website in irgendeiner Weise ver\u00e4ndern.<\/p><hr class=\"style-two\" \/><h2>Inhaltliche Haftung<\/h2><p>Wir sind nicht f\u00fcr Inhalte verantwortlich, die auf Ihrer Website erscheinen. Sie verpflichten sich, uns gegen alle Anspr\u00fcche zu sch\u00fctzen und zu verteidigen, die auf Ihrer Website erhoben werden. Es d\u00fcrfen keine Links auf einer Website erscheinen, die als verleumderisch, obsz\u00f6n oder kriminell ausgelegt werden k\u00f6nnen oder die Rechte Dritter verletzen oder anderweitig verletzen oder die Verletzung oder sonstige Verletzung von Rechten Dritter bef\u00fcrworten.<\/p><hr class=\"style-two\" \/><h2>Vorbehalt der Rechte<\/h2><p>Wir behalten uns das Recht vor, Sie aufzufordern, alle Links oder einen bestimmten Link zu unserer Website zu entfernen. Sie verpflichten sich, alle Links zu unserer Website auf Verlangen unverz\u00fcglich zu entfernen. Wir behalten uns au\u00dferdem das Recht vor, diese Bedingungen und die Linkpolitik jederzeit zu \u00e4ndern. Durch die kontinuierliche Verkn\u00fcpfung mit unserer Website erkl\u00e4ren Sie sich damit einverstanden, an diese Verkn\u00fcpfungsbedingungen gebunden zu sein und diese zu befolgen.<\/p><hr class=\"style-two\" \/><h2>Entfernung von Links von unserer Website<\/h2><p>Wenn Sie einen Link auf unserer Website finden, der aus irgendeinem Grund anst\u00f6\u00dfig ist, k\u00f6nnen Sie uns jederzeit kontaktieren und informieren. Wir werden Anfragen zur Entfernung von Links pr\u00fcfen, sind aber nicht verpflichtet, dies zu tun oder Ihnen direkt zu antworten.<\/p><p>Wir gew\u00e4hrleisten nicht, dass die Informationen auf dieser Website korrekt sind, wir garantieren nicht f\u00fcr ihre Vollst\u00e4ndigkeit oder Genauigkeit; wir versprechen auch nicht, dass die Website verf\u00fcgbar bleibt oder dass das Material auf der Website auf dem neuesten Stand gehalten wird.<\/p><hr class=\"style-two\" \/><h2>Haftungsausschluss<\/h2><p>Soweit es das geltende Recht zul\u00e4sst, schlie\u00dfen wir alle Zusicherungen, Garantien und Bedingungen in Bezug auf unsere Website und die Nutzung dieser Website aus. Nichts in diesem Haftungsausschluss wird:<\/p><ul><li>unsere oder Ihre Haftung f\u00fcr Tod oder K\u00f6rperverletzung zu begrenzen oder auszuschlie\u00dfen;<\/li><li>unsere oder Ihre Haftung f\u00fcr Betrug oder arglistige T\u00e4uschung zu begrenzen oder auszuschlie\u00dfen;<\/li><li>unsere oder Ihre Haftung in einer Weise zu beschr\u00e4nken, die nach geltendem Recht nicht zul\u00e4ssig ist; oder<\/li><li>unsere oder Ihre Haftung auszuschlie\u00dfen, die nach geltendem Recht nicht ausgeschlossen werden kann.<\/li><\/ul><p>Die in diesem Abschnitt und an anderen Stellen dieses Haftungsausschlusses festgelegten Haftungsbeschr\u00e4nkungen und -verbote: (a) unterliegen dem vorhergehenden Absatz; und (b) regeln alle Haftungen, die sich aus dem Haftungsausschluss ergeben, einschlie\u00dflich der Haftungen, die sich aus Vertr\u00e4gen, unerlaubten Handlungen und der Verletzung von gesetzlichen Pflichten ergeben.<\/p><p>Solange die Website sowie die Informationen und Dienstleistungen auf der Website kostenlos zur Verf\u00fcgung gestellt werden, haften wir nicht f\u00fcr Verluste oder Sch\u00e4den jeglicher Art.<\/p>\t\t\t\t\t\t\t\t<\/div>\n\t\t\t\t\t<\/div>\n\t\t\t\t<\/section>\n\t\t\t\t<\/div>","protected":false},"excerpt":{"rendered":"<p>Terms &#038; Conditions Terms &amp; Conditions For REWA Tech Welcome to REWA Tech! These terms and conditions outline the rules and regulations for the use of REWA Tech&#8217;s Website, located at https:\/\/rewa.tech. By accessing this website we assume you accept these terms and conditions. Do not continue to use REWA Tech if you do not [&hellip;]<\/p>\n","protected":false},"author":1,"featured_media":25468,"parent":0,"menu_order":0,"comment_status":"closed","ping_status":"closed","template":"","meta":{"footnotes":""},"class_list":["post-6902","page","type-page","status-publish","has-post-thumbnail","hentry"],"_links":{"self":[{"href":"https:\/\/rewa.tech\/de\/wp-json\/wp\/v2\/pages\/6902","targetHints":{"allow":["GET"]}}],"collection":[{"href":"https:\/\/rewa.tech\/de\/wp-json\/wp\/v2\/pages"}],"about":[{"href":"https:\/\/rewa.tech\/de\/wp-json\/wp\/v2\/types\/page"}],"author":[{"embeddable":true,"href":"https:\/\/rewa.tech\/de\/wp-json\/wp\/v2\/users\/1"}],"replies":[{"embeddable":true,"href":"https:\/\/rewa.tech\/de\/wp-json\/wp\/v2\/comments?post=6902"}],"version-history":[{"count":0,"href":"https:\/\/rewa.tech\/de\/wp-json\/wp\/v2\/pages\/6902\/revisions"}],"wp:featuredmedia":[{"embeddable":true,"href":"https:\/\/rewa.tech\/de\/wp-json\/wp\/v2\/media\/25468"}],"wp:attachment":[{"href":"https:\/\/rewa.tech\/de\/wp-json\/wp\/v2\/media?parent=6902"}],"curies":[{"name":"wp","href":"https:\/\/api.w.org\/{rel}","templated":true}]}}