{"id":6907,"date":"2023-09-21T17:57:48","date_gmt":"2023-09-21T09:57:48","guid":{"rendered":"https:\/\/rewa.tech\/?page_id=6907"},"modified":"2025-04-22T11:29:57","modified_gmt":"2025-04-22T03:29:57","slug":"haftungsausschluss","status":"publish","type":"page","link":"https:\/\/rewa.tech\/de\/disclaimer\/","title":{"rendered":"Haftungsausschluss"},"content":{"rendered":"<div data-elementor-type=\"wp-page\" data-elementor-id=\"6907\" class=\"elementor elementor-6907\" data-elementor-post-type=\"page\">\n\t\t\t\t<section data-particle_enable=\"false\" data-particle-mobile-disabled=\"false\" class=\"elementor-element elementor-element-f059d4e e-flex e-con-boxed e-con e-parent\" data-id=\"f059d4e\" data-element_type=\"container\" data-e-type=\"container\">\n\t\t\t\t\t<div class=\"e-con-inner\">\n\t\t\t\t<div class=\"elementor-element elementor-element-a051329 elementor-widget elementor-widget-heading\" data-id=\"a051329\" data-element_type=\"widget\" data-e-type=\"widget\" data-widget_type=\"heading.default\">\n\t\t\t\t\t<h1 class=\"elementor-heading-title elementor-size-default\">Haftungsausschluss<\/h1>\t\t\t\t<\/div>\n\t\t\t\t<div class=\"elementor-element elementor-element-e87f2a2 elementor-widget elementor-widget-image\" data-id=\"e87f2a2\" data-element_type=\"widget\" data-e-type=\"widget\" data-widget_type=\"image.default\">\n\t\t\t\t\t\t\t\t\t\t\t\t\t\t\t<img fetchpriority=\"high\" decoding=\"async\" width=\"1200\" height=\"312\" src=\"https:\/\/rewa.tech\/wp-content\/uploads\/2024\/06\/img_disclaimer_banner.jpg\" class=\"attachment-full size-full wp-image-25465\" alt=\"\" srcset=\"https:\/\/rewa.tech\/wp-content\/uploads\/2024\/06\/img_disclaimer_banner.jpg 1200w, https:\/\/rewa.tech\/wp-content\/uploads\/2024\/06\/img_disclaimer_banner-300x78.jpg 300w, https:\/\/rewa.tech\/wp-content\/uploads\/2024\/06\/img_disclaimer_banner-1024x266.jpg 1024w, https:\/\/rewa.tech\/wp-content\/uploads\/2024\/06\/img_disclaimer_banner-768x200.jpg 768w\" sizes=\"(max-width: 1200px) 100vw, 1200px\" title=\"\">\t\t\t\t\t\t\t\t\t\t\t\t\t\t\t<\/div>\n\t\t\t\t<div class=\"elementor-element elementor-element-4e52ec4 my-Text elementor-widget__width-initial elementor-widget-mobile__width-inherit elementor-widget elementor-widget-text-editor\" data-id=\"4e52ec4\" data-element_type=\"widget\" data-e-type=\"widget\" data-widget_type=\"text-editor.default\">\n\t\t\t\t\t\t\t\t\t<h2>Haftungsausschluss f\u00fcr REWA Tech<\/h2><p>Wenn Sie weitere Informationen ben\u00f6tigen oder Fragen zum Haftungsausschluss unserer Website haben, k\u00f6nnen Sie uns gerne per E-Mail kontaktieren unter <a rel=\"noopener\">rewaparts@gmail.com<\/a>.<\/p><hr class=\"style-two\" \/><h2>Haftungsausschl\u00fcsse f\u00fcr REWA Tech<\/h2><p>Alle Informationen auf dieser Website - <a href=\"https:\/\/rewa.tech\/de\/\" target=\"_new\" rel=\"noopener\">https:\/\/rewa.tech<\/a> - wird in gutem Glauben und nur zu allgemeinen Informationszwecken ver\u00f6ffentlicht. Die REWA Tech \u00fcbernimmt keine Gew\u00e4hr f\u00fcr die Vollst\u00e4ndigkeit, Zuverl\u00e4ssigkeit und Richtigkeit dieser Informationen. Jede Handlung, die Sie aufgrund der Informationen, die Sie auf dieser Website (REWA Tech) finden, vornehmen, geschieht ausschlie\u00dflich auf Ihr eigenes Risiko. Die REWA Tech haftet nicht f\u00fcr Verluste und\/oder Sch\u00e4den im Zusammenhang mit der Nutzung unserer Website.<\/p><p>Von unserer Website aus k\u00f6nnen Sie andere Websites besuchen, indem Sie Hyperlinks zu solchen externen Websites folgen. Obwohl wir uns bem\u00fchen, nur qualitativ hochwertige Links zu n\u00fctzlichen und ethischen Websites anzubieten, haben wir keine Kontrolle \u00fcber den Inhalt und die Art dieser Websites. Diese Links zu anderen Websites stellen keine Empfehlung f\u00fcr den gesamten Inhalt dieser Websites dar. Die Eigent\u00fcmer und Inhalte der Websites k\u00f6nnen sich ohne Vorank\u00fcndigung \u00e4ndern, bevor wir die M\u00f6glichkeit haben, einen Link zu entfernen, der m\u00f6glicherweise \"schlecht\" geworden ist.<\/p><p>Bitte beachten Sie auch, dass andere Websites, wenn Sie unsere Website verlassen, andere Datenschutzrichtlinien und -bedingungen haben k\u00f6nnen, die au\u00dferhalb unserer Kontrolle liegen. Bitte informieren Sie sich \u00fcber die Datenschutzrichtlinien dieser Websites sowie \u00fcber deren \"Nutzungsbedingungen\", bevor Sie Gesch\u00e4fte t\u00e4tigen oder Informationen hochladen.<\/p><hr class=\"style-two\" \/><h2>Marken von Drittanbietern<\/h2><p>REWA Tech erkl\u00e4rt, dass alle Produkt- und Firmennamen in unserem Inventar und Marketingmaterial, einschlie\u00dflich, aber nicht beschr\u00e4nkt auf iPhone, Samsung, Huawei, MacBook und alle anderen Marken, Eigentum der jeweiligen Markeninhaber sind. Diese Markeninhaber sind nicht mit REWA Tech, unseren Produkten oder unserer Website verbunden. Sie unterst\u00fctzen weder REWA Tech noch unsere Produkte oder Dienstleistungen, die online verf\u00fcgbar sind, noch werden sie von ihnen gesponsert.<\/p><p>Wir verkaufen eine Vielzahl von Reparatur- und Ersatzteilen von Drittanbietern f\u00fcr die oben genannten Marken und Produkte. Die von REWA Tech zu Reparaturzwecken angebotenen Ersatzteile stammen von verschiedenen Lieferanten und sind nicht unbedingt von den Originalherstellern der Ger\u00e4te autorisiert oder unterst\u00fctzt.<\/p><p>Wenn wir diese Marken und Warenzeichen auf der REWA Tech Website oder auf anderen Werbeplattformen erw\u00e4hnen, stellen wir unseren Kunden lediglich Informationen zur Verf\u00fcgung, um sicherzustellen, dass die von uns angebotenen Produkte mit diesen Marken kompatibel und f\u00fcr diese geeignet sind. REWA Tech lehnt hiermit jedes Eigentumsinteresse an Warenzeichen, Dienstleistungsmarken, Logos und Markennamen ab, die nicht seine eigenen sind.<\/p><p>Die Warenzeichen, Marken und Namen aller anderen Unternehmen sind das Eigentum der jeweiligen Inhaber. Die Verwendung dieser Marken impliziert keine Zugeh\u00f6rigkeit zu diesen Unternehmen oder deren Bef\u00fcrwortung.<\/p><hr class=\"style-two\" \/><h2>Zustimmung<\/h2><p>Durch die Nutzung unserer Website erkl\u00e4ren Sie sich mit unserem Haftungsausschluss einverstanden und stimmen dessen Bedingungen zu.<\/p><hr class=\"style-two\" \/><h2>Update<\/h2><p>Sollten wir dieses Dokument aktualisieren, erg\u00e4nzen oder \u00e4ndern, werden diese \u00c4nderungen an dieser Stelle deutlich sichtbar ver\u00f6ffentlicht.<\/p>\t\t\t\t\t\t\t\t<\/div>\n\t\t\t\t\t<\/div>\n\t\t\t\t<\/section>\n\t\t\t\t<\/div>","protected":false},"excerpt":{"rendered":"<p>Disclaimer Disclaimer for REWA Tech If you require any more information or have any questions about our site\u2019s disclaimer, please feel free to contact us by email at rewaparts@gmail.com. Disclaimers for REWA Tech All the information on this website \u2013 https:\/\/rewa.tech \u2013 is published in good faith and for general information purposes only. REWA Tech [&hellip;]<\/p>\n","protected":false},"author":1,"featured_media":0,"parent":0,"menu_order":0,"comment_status":"closed","ping_status":"closed","template":"","meta":{"footnotes":""},"class_list":["post-6907","page","type-page","status-publish","hentry"],"_links":{"self":[{"href":"https:\/\/rewa.tech\/de\/wp-json\/wp\/v2\/pages\/6907","targetHints":{"allow":["GET"]}}],"collection":[{"href":"https:\/\/rewa.tech\/de\/wp-json\/wp\/v2\/pages"}],"about":[{"href":"https:\/\/rewa.tech\/de\/wp-json\/wp\/v2\/types\/page"}],"author":[{"embeddable":true,"href":"https:\/\/rewa.tech\/de\/wp-json\/wp\/v2\/users\/1"}],"replies":[{"embeddable":true,"href":"https:\/\/rewa.tech\/de\/wp-json\/wp\/v2\/comments?post=6907"}],"version-history":[{"count":0,"href":"https:\/\/rewa.tech\/de\/wp-json\/wp\/v2\/pages\/6907\/revisions"}],"wp:attachment":[{"href":"https:\/\/rewa.tech\/de\/wp-json\/wp\/v2\/media?parent=6907"}],"curies":[{"name":"wp","href":"https:\/\/api.w.org\/{rel}","templated":true}]}}