{"id":8098,"date":"2023-11-13T12:14:14","date_gmt":"2023-11-13T04:14:14","guid":{"rendered":"https:\/\/rewa.tech\/?page_id=8098"},"modified":"2026-03-07T12:24:54","modified_gmt":"2026-03-07T04:24:54","slug":"produkte","status":"publish","type":"page","link":"https:\/\/rewa.tech\/de\/products\/","title":{"rendered":"Produkte"},"content":{"rendered":"<div data-elementor-type=\"wp-page\" data-elementor-id=\"8098\" class=\"elementor elementor-8098\" data-elementor-post-type=\"page\">\n\t\t\t\t<section data-particle_enable=\"false\" data-particle-mobile-disabled=\"false\" class=\"elementor-element elementor-element-7acf4d2 e-flex e-con-boxed e-con e-parent\" data-id=\"7acf4d2\" data-element_type=\"container\" data-e-type=\"container\">\n\t\t\t\t\t<div class=\"e-con-inner\">\n\t\t\t\t<div class=\"elementor-element elementor-element-98ee203 elementor-widget__width-inherit elementor-widget-tablet__width-inherit elementor-widget-mobile__width-inherit elementor-widget elementor-widget-heading\" data-id=\"98ee203\" data-element_type=\"widget\" data-e-type=\"widget\" data-widget_type=\"heading.default\">\n\t\t\t\t\t<h1 class=\"elementor-heading-title elementor-size-default\">Alles, was Sie brauchen, um Ihr Reparaturgesch\u00e4ft auszubauen<\/h1>\t\t\t\t<\/div>\n\t\t\t\t<div class=\"elementor-element elementor-element-42844f4 elementor-widget-mobile__width-inherit elementor-widget__width-inherit elementor-widget elementor-widget-heading\" data-id=\"42844f4\" data-element_type=\"widget\" data-e-type=\"widget\" data-widget_type=\"heading.default\">\n\t\t\t\t\t<p class=\"elementor-heading-title elementor-size-default\">Von Qualit\u00e4tsbildschirmen \u00fcber langlebige Batterien, effiziente Werkzeuge und Maschinen bis hin zu professionellem Know-how und Unterst\u00fctzung bei Reparaturen<\/p>\t\t\t\t<\/div>\n\t\t\t\t<div class=\"elementor-element elementor-element-b72d985 elementor-widget elementor-widget-heading\" data-id=\"b72d985\" data-element_type=\"widget\" data-e-type=\"widget\" data-widget_type=\"heading.default\">\n\t\t\t\t\t<span class=\"elementor-heading-title elementor-size-default\"><a href=\"#elementor-action%3Aaction%3Dpopup%3Aopen%26settings%3DeyJpZCI6IjQwMDMwIiwidG9nZ2xlIjpmYWxzZX0%3D\">Details anzeigen<\/a><\/span>\t\t\t\t<\/div>\n\t\t\t\t<div class=\"elementor-element elementor-element-5a473f0 elementor-widget elementor-widget-image\" data-id=\"5a473f0\" data-element_type=\"widget\" data-e-type=\"widget\" data-widget_type=\"image.default\">\n\t\t\t\t\t\t\t\t\t\t\t\t\t\t\t<img fetchpriority=\"high\" decoding=\"async\" width=\"1200\" height=\"312\" src=\"https:\/\/rewa.tech\/wp-content\/uploads\/2024\/08\/Products-Page-Banner-1.jpg\" class=\"attachment-full size-full wp-image-28892\" alt=\"Produkte Seite Banner\" srcset=\"https:\/\/rewa.tech\/wp-content\/uploads\/2024\/08\/Products-Page-Banner-1.jpg 1200w, https:\/\/rewa.tech\/wp-content\/uploads\/2024\/08\/Products-Page-Banner-1-300x78.jpg 300w, https:\/\/rewa.tech\/wp-content\/uploads\/2024\/08\/Products-Page-Banner-1-1024x266.jpg 1024w, https:\/\/rewa.tech\/wp-content\/uploads\/2024\/08\/Products-Page-Banner-1-768x200.jpg 768w\" sizes=\"(max-width: 1200px) 100vw, 1200px\" title=\"\">\t\t\t\t\t\t\t\t\t\t\t\t\t\t\t<\/div>\n\t\t\t\t\t<\/div>\n\t\t\t\t<\/section>\n\t\t<div data-particle_enable=\"false\" data-particle-mobile-disabled=\"false\" class=\"elementor-element elementor-element-e35b3e8 e-flex e-con-boxed e-con e-parent\" data-id=\"e35b3e8\" data-element_type=\"container\" data-e-type=\"container\">\n\t\t\t\t\t<div class=\"e-con-inner\">\n\t\t\t\t<div class=\"elementor-element elementor-element-f5ce859 elementor-widget__width-inherit elementor-widget elementor-widget-heading\" data-id=\"f5ce859\" data-element_type=\"widget\" data-e-type=\"widget\" data-widget_type=\"heading.default\">\n\t\t\t\t\t<h2 class=\"elementor-heading-title elementor-size-default\">REWA Selected 35,000+ Products<\/h2>\t\t\t\t<\/div>\n\t\t<a class=\"eael-wrapper-link-5158f78 --eael-wrapper-link-tag\" href=\"\/de\/bildschirm\/\"><\/a><div data-eael-wrapper-link=\"eael-wrapper-link-5158f78\" data-particle_enable=\"false\" data-particle-mobile-disabled=\"false\" class=\"elementor-element elementor-element-5158f78 e-con-full card-item e-flex e-con e-child\" data-id=\"5158f78\" data-element_type=\"container\" data-e-type=\"container\" data-settings=\"{&quot;background_background&quot;:&quot;classic&quot;}\">\n\t\t<div data-particle_enable=\"false\" data-particle-mobile-disabled=\"false\" class=\"elementor-element elementor-element-11d3c92 e-con-full e-flex e-con e-child\" data-id=\"11d3c92\" data-element_type=\"container\" data-e-type=\"container\" data-settings=\"{&quot;background_background&quot;:&quot;classic&quot;}\">\n\t\t\t\t<div class=\"elementor-element elementor-element-97a5a94 elementor-widget elementor-widget-heading\" data-id=\"97a5a94\" data-element_type=\"widget\" data-e-type=\"widget\" data-widget_type=\"heading.default\">\n\t\t\t\t\t<h2 class=\"elementor-heading-title elementor-size-default\">Bildschirme<\/h2>\t\t\t\t<\/div>\n\t\t<a class=\"eael-wrapper-link-6e824b8 --eael-wrapper-link-tag\" href=\"https:\/\/rewa.tech\/de\/bildschirm\/\"><\/a>\t\t<div data-eael-wrapper-link=\"eael-wrapper-link-6e824b8\" class=\"elementor-element elementor-element-6e824b8 elementor-view-stacked elementor-shape-square elementor-widget elementor-widget-icon\" data-id=\"6e824b8\" data-element_type=\"widget\" data-e-type=\"widget\" data-widget_type=\"icon.default\">\n\t\t\t\t\t\t\t<div class=\"elementor-icon-wrapper\">\n\t\t\t<a class=\"elementor-icon\" href=\"https:\/\/rewa.tech\/de\/screen\/\">\n\t\t\t<i aria-hidden=\"true\" class=\"fas fa-arrow-right\"><\/i>\t\t\t<\/a>\n\t\t<\/div>\n\t\t\t\t\t\t<\/div>\n\t\t\t\t<\/div>\n\t\t\t\t<div class=\"elementor-element elementor-element-d4a63e8 elementor-widget elementor-widget-heading\" data-id=\"d4a63e8\" data-element_type=\"widget\" data-e-type=\"widget\" data-widget_type=\"heading.default\">\n\t\t\t\t\t<p class=\"elementor-heading-title elementor-size-default\">REWA Selected-Bildschirme sind mit Apple, Samsung und vielen Android-Marken auf einer Vielzahl von Ger\u00e4ten kompatibel.<\/p>\t\t\t\t<\/div>\n\t\t\t\t<div class=\"elementor-element elementor-element-da6aa2d elementor-widget elementor-widget-image\" data-id=\"da6aa2d\" data-element_type=\"widget\" data-e-type=\"widget\" data-widget_type=\"image.default\">\n\t\t\t\t\t\t\t\t\t\t\t\t\t\t\t<img decoding=\"async\" width=\"750\" height=\"375\" src=\"https:\/\/rewa.tech\/wp-content\/uploads\/2024\/08\/Screen-Product-Page.png\" class=\"attachment-full size-full wp-image-28828\" alt=\"Bildschirmtausch\" srcset=\"https:\/\/rewa.tech\/wp-content\/uploads\/2024\/08\/Screen-Product-Page.png 750w, https:\/\/rewa.tech\/wp-content\/uploads\/2024\/08\/Screen-Product-Page-300x150.png 300w\" sizes=\"(max-width: 750px) 100vw, 750px\" title=\"\">\t\t\t\t\t\t\t\t\t\t\t\t\t\t\t<\/div>\n\t\t\t\t<\/div>\n\t\t<a class=\"eael-wrapper-link-0de98c0 --eael-wrapper-link-tag\" href=\"\/de\/batterie\/\"><\/a><div data-eael-wrapper-link=\"eael-wrapper-link-0de98c0\" data-particle_enable=\"false\" data-particle-mobile-disabled=\"false\" class=\"elementor-element elementor-element-0de98c0 e-con-full card-item e-flex e-con e-child\" data-id=\"0de98c0\" data-element_type=\"container\" data-e-type=\"container\" data-settings=\"{&quot;background_background&quot;:&quot;classic&quot;}\">\n\t\t<div data-particle_enable=\"false\" data-particle-mobile-disabled=\"false\" class=\"elementor-element elementor-element-c443ad5 e-con-full e-flex e-con e-child\" data-id=\"c443ad5\" data-element_type=\"container\" data-e-type=\"container\" data-settings=\"{&quot;background_background&quot;:&quot;classic&quot;}\">\n\t\t\t\t<div class=\"elementor-element elementor-element-3f293fe elementor-widget elementor-widget-heading\" data-id=\"3f293fe\" data-element_type=\"widget\" data-e-type=\"widget\" data-widget_type=\"heading.default\">\n\t\t\t\t\t<h2 class=\"elementor-heading-title elementor-size-default\">Batterien<\/h2>\t\t\t\t<\/div>\n\t\t<a class=\"eael-wrapper-link-3390b38 --eael-wrapper-link-tag\" href=\"https:\/\/rewa.tech\/de\/bildschirm\/\"><\/a>\t\t<div data-eael-wrapper-link=\"eael-wrapper-link-3390b38\" class=\"elementor-element elementor-element-3390b38 elementor-view-stacked elementor-shape-square elementor-widget elementor-widget-icon\" data-id=\"3390b38\" data-element_type=\"widget\" data-e-type=\"widget\" data-widget_type=\"icon.default\">\n\t\t\t\t\t\t\t<div class=\"elementor-icon-wrapper\">\n\t\t\t<a class=\"elementor-icon\" href=\"https:\/\/rewa.tech\/de\/battery\/\">\n\t\t\t<i aria-hidden=\"true\" class=\"fas fa-arrow-right\"><\/i>\t\t\t<\/a>\n\t\t<\/div>\n\t\t\t\t\t\t<\/div>\n\t\t\t\t<\/div>\n\t\t\t\t<div class=\"elementor-element elementor-element-c689587 elementor-widget elementor-widget-heading\" data-id=\"c689587\" data-element_type=\"widget\" data-e-type=\"widget\" data-widget_type=\"heading.default\">\n\t\t\t\t\t<p class=\"elementor-heading-title elementor-size-default\">REWA Akku- und Zellenl\u00f6sungen sind hochwertig und sicher f\u00fcr iPhone, Android, Tablet, MacBook, etc.<\/p>\t\t\t\t<\/div>\n\t\t\t\t<div class=\"elementor-element elementor-element-e81a083 elementor-widget elementor-widget-image\" data-id=\"e81a083\" data-element_type=\"widget\" data-e-type=\"widget\" data-widget_type=\"image.default\">\n\t\t\t\t\t\t\t\t\t\t\t\t\t\t\t<img decoding=\"async\" width=\"750\" height=\"375\" src=\"https:\/\/rewa.tech\/wp-content\/uploads\/2024\/08\/Battery-Product-Page.png\" class=\"attachment-full size-full wp-image-28829\" alt=\"Batteriewechsel\" srcset=\"https:\/\/rewa.tech\/wp-content\/uploads\/2024\/08\/Battery-Product-Page.png 750w, https:\/\/rewa.tech\/wp-content\/uploads\/2024\/08\/Battery-Product-Page-300x150.png 300w\" sizes=\"(max-width: 750px) 100vw, 750px\" title=\"\">\t\t\t\t\t\t\t\t\t\t\t\t\t\t\t<\/div>\n\t\t\t\t<\/div>\n\t\t<a class=\"eael-wrapper-link-9c3b243 --eael-wrapper-link-tag\" href=\"\/de\/kleinteile\/\"><\/a><div data-eael-wrapper-link=\"eael-wrapper-link-9c3b243\" data-particle_enable=\"false\" data-particle-mobile-disabled=\"false\" class=\"elementor-element elementor-element-9c3b243 e-con-full card-item e-flex e-con e-child\" data-id=\"9c3b243\" data-element_type=\"container\" data-e-type=\"container\" data-settings=\"{&quot;background_background&quot;:&quot;classic&quot;}\">\n\t\t<div data-particle_enable=\"false\" data-particle-mobile-disabled=\"false\" class=\"elementor-element elementor-element-773e260 e-con-full e-flex e-con e-child\" data-id=\"773e260\" data-element_type=\"container\" data-e-type=\"container\" data-settings=\"{&quot;background_background&quot;:&quot;classic&quot;}\">\n\t\t\t\t<div class=\"elementor-element elementor-element-2f3a677 elementor-widget elementor-widget-heading\" data-id=\"2f3a677\" data-element_type=\"widget\" data-e-type=\"widget\" data-widget_type=\"heading.default\">\n\t\t\t\t\t<h2 class=\"elementor-heading-title elementor-size-default\">Kleine Teile<\/h2>\t\t\t\t<\/div>\n\t\t<a class=\"eael-wrapper-link-9c02da8 --eael-wrapper-link-tag\" href=\"https:\/\/rewa.tech\/de\/bildschirm\/\"><\/a>\t\t<div data-eael-wrapper-link=\"eael-wrapper-link-9c02da8\" class=\"elementor-element elementor-element-9c02da8 elementor-view-stacked elementor-shape-square elementor-widget elementor-widget-icon\" data-id=\"9c02da8\" data-element_type=\"widget\" data-e-type=\"widget\" data-widget_type=\"icon.default\">\n\t\t\t\t\t\t\t<div class=\"elementor-icon-wrapper\">\n\t\t\t<a class=\"elementor-icon\" href=\"https:\/\/rewa.tech\/de\/small-parts\/\">\n\t\t\t<i aria-hidden=\"true\" class=\"fas fa-arrow-right\"><\/i>\t\t\t<\/a>\n\t\t<\/div>\n\t\t\t\t\t\t<\/div>\n\t\t\t\t<\/div>\n\t\t\t\t<div class=\"elementor-element elementor-element-d2d52b7 elementor-widget elementor-widget-heading\" data-id=\"d2d52b7\" data-element_type=\"widget\" data-e-type=\"widget\" data-widget_type=\"heading.default\">\n\t\t\t\t\t<p class=\"elementor-heading-title elementor-size-default\">REWA Selected Kleinteile sind bereit f\u00fcr iPhones, Android-Telefone, iPads, Samsung-Tablets und mehr.<\/p>\t\t\t\t<\/div>\n\t\t\t\t<div class=\"elementor-element elementor-element-f986cf6 elementor-widget elementor-widget-image\" data-id=\"f986cf6\" data-element_type=\"widget\" data-e-type=\"widget\" data-widget_type=\"image.default\">\n\t\t\t\t\t\t\t\t\t\t\t\t\t\t\t<img loading=\"lazy\" decoding=\"async\" width=\"750\" height=\"375\" src=\"https:\/\/rewa.tech\/wp-content\/uploads\/2024\/08\/Small-Parts-Product-Page.png\" class=\"attachment-full size-full wp-image-28825\" alt=\"Telefon-Kleinteile\" srcset=\"https:\/\/rewa.tech\/wp-content\/uploads\/2024\/08\/Small-Parts-Product-Page.png 750w, https:\/\/rewa.tech\/wp-content\/uploads\/2024\/08\/Small-Parts-Product-Page-300x150.png 300w\" sizes=\"(max-width: 750px) 100vw, 750px\" title=\"\">\t\t\t\t\t\t\t\t\t\t\t\t\t\t\t<\/div>\n\t\t\t\t<\/div>\n\t\t<a class=\"eael-wrapper-link-227171c --eael-wrapper-link-tag\" href=\"\/de\/reparaturwerkzeuge\/\"><\/a><div data-eael-wrapper-link=\"eael-wrapper-link-227171c\" data-particle_enable=\"false\" data-particle-mobile-disabled=\"false\" class=\"elementor-element elementor-element-227171c e-con-full card-item e-flex e-con e-child\" data-id=\"227171c\" data-element_type=\"container\" data-e-type=\"container\" data-settings=\"{&quot;background_background&quot;:&quot;classic&quot;}\">\n\t\t<div data-particle_enable=\"false\" data-particle-mobile-disabled=\"false\" class=\"elementor-element elementor-element-1d5d028 e-con-full e-flex e-con e-child\" data-id=\"1d5d028\" data-element_type=\"container\" data-e-type=\"container\" data-settings=\"{&quot;background_background&quot;:&quot;classic&quot;}\">\n\t\t\t\t<div class=\"elementor-element elementor-element-4413d7d elementor-widget elementor-widget-heading\" data-id=\"4413d7d\" data-element_type=\"widget\" data-e-type=\"widget\" data-widget_type=\"heading.default\">\n\t\t\t\t\t<h2 class=\"elementor-heading-title elementor-size-default\">Reparatur-Werkzeuge<\/h2>\t\t\t\t<\/div>\n\t\t<a class=\"eael-wrapper-link-3b135ff --eael-wrapper-link-tag\" href=\"https:\/\/rewa.tech\/de\/bildschirm\/\"><\/a>\t\t<div data-eael-wrapper-link=\"eael-wrapper-link-3b135ff\" class=\"elementor-element elementor-element-3b135ff elementor-view-stacked elementor-shape-square elementor-widget elementor-widget-icon\" data-id=\"3b135ff\" data-element_type=\"widget\" data-e-type=\"widget\" data-widget_type=\"icon.default\">\n\t\t\t\t\t\t\t<div class=\"elementor-icon-wrapper\">\n\t\t\t<a class=\"elementor-icon\" href=\"https:\/\/rewa.tech\/de\/repair-tools\/\">\n\t\t\t<i aria-hidden=\"true\" class=\"fas fa-arrow-right\"><\/i>\t\t\t<\/a>\n\t\t<\/div>\n\t\t\t\t\t\t<\/div>\n\t\t\t\t<\/div>\n\t\t\t\t<div class=\"elementor-element elementor-element-ba11720 elementor-widget elementor-widget-heading\" data-id=\"ba11720\" data-element_type=\"widget\" data-e-type=\"widget\" data-widget_type=\"heading.default\">\n\t\t\t\t\t<p class=\"elementor-heading-title elementor-size-default\">REWA untersucht die realen Reparaturszenarien, um die qualifizierten und geeigneten Reparaturwerkzeuge f\u00fcr die Kunden auszuw\u00e4hlen. <\/p>\t\t\t\t<\/div>\n\t\t\t\t<div class=\"elementor-element elementor-element-42ab8d8 elementor-widget elementor-widget-image\" data-id=\"42ab8d8\" data-element_type=\"widget\" data-e-type=\"widget\" data-widget_type=\"image.default\">\n\t\t\t\t\t\t\t\t\t\t\t\t\t\t\t<img loading=\"lazy\" decoding=\"async\" width=\"750\" height=\"375\" src=\"https:\/\/rewa.tech\/wp-content\/uploads\/2024\/08\/Repair-Parts-Product-Page.png\" class=\"attachment-full size-full wp-image-28826\" alt=\"Telefon-Reparaturteile\" srcset=\"https:\/\/rewa.tech\/wp-content\/uploads\/2024\/08\/Repair-Parts-Product-Page.png 750w, https:\/\/rewa.tech\/wp-content\/uploads\/2024\/08\/Repair-Parts-Product-Page-300x150.png 300w\" sizes=\"(max-width: 750px) 100vw, 750px\" title=\"\">\t\t\t\t\t\t\t\t\t\t\t\t\t\t\t<\/div>\n\t\t\t\t<\/div>\n\t\t<a class=\"eael-wrapper-link-d155cbb --eael-wrapper-link-tag\" href=\"\/de\/renovierung\/\"><\/a><div data-eael-wrapper-link=\"eael-wrapper-link-d155cbb\" data-particle_enable=\"false\" data-particle-mobile-disabled=\"false\" class=\"elementor-element elementor-element-d155cbb e-con-full card-item e-flex e-con e-child\" data-id=\"d155cbb\" data-element_type=\"container\" data-e-type=\"container\" data-settings=\"{&quot;background_background&quot;:&quot;classic&quot;}\">\n\t\t<div data-particle_enable=\"false\" data-particle-mobile-disabled=\"false\" class=\"elementor-element elementor-element-6a30716 e-con-full e-flex e-con e-child\" data-id=\"6a30716\" data-element_type=\"container\" data-e-type=\"container\" data-settings=\"{&quot;background_background&quot;:&quot;classic&quot;}\">\n\t\t\t\t<div class=\"elementor-element elementor-element-008e345 elementor-widget elementor-widget-heading\" data-id=\"008e345\" data-element_type=\"widget\" data-e-type=\"widget\" data-widget_type=\"heading.default\">\n\t\t\t\t\t<h2 class=\"elementor-heading-title elementor-size-default\">Instandsetzung<\/h2>\t\t\t\t<\/div>\n\t\t<a class=\"eael-wrapper-link-6d021d8 --eael-wrapper-link-tag\" href=\"https:\/\/rewa.tech\/de\/bildschirm\/\"><\/a>\t\t<div data-eael-wrapper-link=\"eael-wrapper-link-6d021d8\" class=\"elementor-element elementor-element-6d021d8 elementor-view-stacked elementor-shape-square elementor-widget elementor-widget-icon\" data-id=\"6d021d8\" data-element_type=\"widget\" data-e-type=\"widget\" data-widget_type=\"icon.default\">\n\t\t\t\t\t\t\t<div class=\"elementor-icon-wrapper\">\n\t\t\t<a class=\"elementor-icon\" href=\"https:\/\/rewa.tech\/de\/refurbishment\/\">\n\t\t\t<i aria-hidden=\"true\" class=\"fas fa-arrow-right\"><\/i>\t\t\t<\/a>\n\t\t<\/div>\n\t\t\t\t\t\t<\/div>\n\t\t\t\t<\/div>\n\t\t\t\t<div class=\"elementor-element elementor-element-f45b366 elementor-widget elementor-widget-heading\" data-id=\"f45b366\" data-element_type=\"widget\" data-e-type=\"widget\" data-widget_type=\"heading.default\">\n\t\t\t\t\t<p class=\"elementor-heading-title elementor-size-default\">REWA bietet verschiedene Marken von Aufarbeitungsmaschinen, Werkzeugen und Verbrauchsmaterialien f\u00fcr unterschiedliche Anforderungen.<\/p>\t\t\t\t<\/div>\n\t\t\t\t<div class=\"elementor-element elementor-element-26aa2b7 elementor-widget elementor-widget-image\" data-id=\"26aa2b7\" data-element_type=\"widget\" data-e-type=\"widget\" data-widget_type=\"image.default\">\n\t\t\t\t\t\t\t\t\t\t\t\t\t\t\t<img loading=\"lazy\" decoding=\"async\" width=\"750\" height=\"375\" src=\"https:\/\/rewa.tech\/wp-content\/uploads\/2024\/08\/Refurbishing-Product-Page.png\" class=\"attachment-full size-full wp-image-28827\" alt=\"Telefonreparaturmaschine\" srcset=\"https:\/\/rewa.tech\/wp-content\/uploads\/2024\/08\/Refurbishing-Product-Page.png 750w, https:\/\/rewa.tech\/wp-content\/uploads\/2024\/08\/Refurbishing-Product-Page-300x150.png 300w\" sizes=\"(max-width: 750px) 100vw, 750px\" title=\"\">\t\t\t\t\t\t\t\t\t\t\t\t\t\t\t<\/div>\n\t\t\t\t<\/div>\n\t\t<a class=\"eael-wrapper-link-52d4d2c --eael-wrapper-link-tag\" href=\"\/de\/zubehor\/\"><\/a><div data-eael-wrapper-link=\"eael-wrapper-link-52d4d2c\" data-particle_enable=\"false\" data-particle-mobile-disabled=\"false\" class=\"elementor-element elementor-element-52d4d2c e-con-full card-item e-flex e-con e-child\" data-id=\"52d4d2c\" data-element_type=\"container\" data-e-type=\"container\" data-settings=\"{&quot;background_background&quot;:&quot;classic&quot;}\">\n\t\t<div data-particle_enable=\"false\" data-particle-mobile-disabled=\"false\" class=\"elementor-element elementor-element-c8dbd2e e-con-full e-flex e-con e-child\" data-id=\"c8dbd2e\" data-element_type=\"container\" data-e-type=\"container\" data-settings=\"{&quot;background_background&quot;:&quot;classic&quot;}\">\n\t\t\t\t<div class=\"elementor-element elementor-element-2949c41 elementor-widget elementor-widget-heading\" data-id=\"2949c41\" data-element_type=\"widget\" data-e-type=\"widget\" data-widget_type=\"heading.default\">\n\t\t\t\t\t<h2 class=\"elementor-heading-title elementor-size-default\">Zubeh\u00f6r<\/h2>\t\t\t\t<\/div>\n\t\t<a class=\"eael-wrapper-link-80ba181 --eael-wrapper-link-tag\" href=\"https:\/\/rewa.tech\/de\/bildschirm\/\"><\/a>\t\t<div data-eael-wrapper-link=\"eael-wrapper-link-80ba181\" class=\"elementor-element elementor-element-80ba181 elementor-view-stacked elementor-shape-square elementor-widget elementor-widget-icon\" data-id=\"80ba181\" data-element_type=\"widget\" data-e-type=\"widget\" data-widget_type=\"icon.default\">\n\t\t\t\t\t\t\t<div class=\"elementor-icon-wrapper\">\n\t\t\t<a class=\"elementor-icon\" href=\"https:\/\/rewa.tech\/de\/accessories\/\">\n\t\t\t<i aria-hidden=\"true\" class=\"fas fa-arrow-right\"><\/i>\t\t\t<\/a>\n\t\t<\/div>\n\t\t\t\t\t\t<\/div>\n\t\t\t\t<\/div>\n\t\t\t\t<div class=\"elementor-element elementor-element-702abea elementor-widget elementor-widget-heading\" data-id=\"702abea\" data-element_type=\"widget\" data-e-type=\"widget\" data-widget_type=\"heading.default\">\n\t\t\t\t\t<p class=\"elementor-heading-title elementor-size-default\">Elektronisches Zubeh\u00f6r wie Ladeadapter, Schutzh\u00fcllen, geh\u00e4rtetes Glas usw. k\u00f6nnen Sie bei REWA erwerben.<\/p>\t\t\t\t<\/div>\n\t\t\t\t<div class=\"elementor-element elementor-element-9f4cded elementor-widget elementor-widget-image\" data-id=\"9f4cded\" data-element_type=\"widget\" data-e-type=\"widget\" data-widget_type=\"image.default\">\n\t\t\t\t\t\t\t\t\t\t\t\t\t\t\t<img loading=\"lazy\" decoding=\"async\" width=\"988\" height=\"500\" src=\"https:\/\/rewa.tech\/wp-content\/uploads\/2024\/08\/Product-Page-Accessories.png\" class=\"attachment-full size-full wp-image-29133\" alt=\"Zubeh\u00f6r f\u00fcr Mobiltelefone\" srcset=\"https:\/\/rewa.tech\/wp-content\/uploads\/2024\/08\/Product-Page-Accessories.png 988w, https:\/\/rewa.tech\/wp-content\/uploads\/2024\/08\/Product-Page-Accessories-300x152.png 300w, https:\/\/rewa.tech\/wp-content\/uploads\/2024\/08\/Product-Page-Accessories-768x389.png 768w\" sizes=\"(max-width: 988px) 100vw, 988px\" title=\"\">\t\t\t\t\t\t\t\t\t\t\t\t\t\t\t<\/div>\n\t\t\t\t<\/div>\n\t\t\t\t\t<\/div>\n\t\t\t\t<\/div>\n\t\t\t\t<\/div>","protected":false},"excerpt":{"rendered":"<p>All You Need to Grow Your Repairing Business From quality screens to long-lasting batteries, efficient tools and machines, as well as professional skill set and support for repairs View Details REWA Selected 35,000+ Products Screens REWA Selected screens are compatible with Apple, Samsung, and many Android brands on a variety of devices. Batteries REWA battery [&hellip;]<\/p>\n","protected":false},"author":1,"featured_media":28988,"parent":0,"menu_order":0,"comment_status":"closed","ping_status":"closed","template":"","meta":{"footnotes":""},"class_list":["post-8098","page","type-page","status-publish","has-post-thumbnail","hentry"],"_links":{"self":[{"href":"https:\/\/rewa.tech\/de\/wp-json\/wp\/v2\/pages\/8098","targetHints":{"allow":["GET"]}}],"collection":[{"href":"https:\/\/rewa.tech\/de\/wp-json\/wp\/v2\/pages"}],"about":[{"href":"https:\/\/rewa.tech\/de\/wp-json\/wp\/v2\/types\/page"}],"author":[{"embeddable":true,"href":"https:\/\/rewa.tech\/de\/wp-json\/wp\/v2\/users\/1"}],"replies":[{"embeddable":true,"href":"https:\/\/rewa.tech\/de\/wp-json\/wp\/v2\/comments?post=8098"}],"version-history":[{"count":0,"href":"https:\/\/rewa.tech\/de\/wp-json\/wp\/v2\/pages\/8098\/revisions"}],"wp:featuredmedia":[{"embeddable":true,"href":"https:\/\/rewa.tech\/de\/wp-json\/wp\/v2\/media\/28988"}],"wp:attachment":[{"href":"https:\/\/rewa.tech\/de\/wp-json\/wp\/v2\/media?parent=8098"}],"curies":[{"name":"wp","href":"https:\/\/api.w.org\/{rel}","templated":true}]}}