{"id":9736,"date":"2023-12-14T15:38:57","date_gmt":"2023-12-14T07:38:57","guid":{"rendered":"https:\/\/rewa.tech\/?page_id=9736"},"modified":"2025-03-26T11:32:09","modified_gmt":"2025-03-26T03:32:09","slug":"cookies","status":"publish","type":"page","link":"https:\/\/rewa.tech\/de\/cookies\/","title":{"rendered":"Cookies"},"content":{"rendered":"<div data-elementor-type=\"wp-page\" data-elementor-id=\"9736\" class=\"elementor elementor-9736\" data-elementor-post-type=\"page\">\n\t\t\t\t<section data-particle_enable=\"false\" data-particle-mobile-disabled=\"false\" class=\"elementor-element elementor-element-4737a72 e-flex e-con-boxed e-con e-parent\" data-id=\"4737a72\" data-element_type=\"container\" data-e-type=\"container\">\n\t\t\t\t\t<div class=\"e-con-inner\">\n\t\t\t\t<div class=\"elementor-element elementor-element-2d1e59c elementor-widget elementor-widget-heading\" data-id=\"2d1e59c\" data-element_type=\"widget\" data-e-type=\"widget\" data-widget_type=\"heading.default\">\n\t\t\t\t\t<h1 class=\"elementor-heading-title elementor-size-default\">Cookies<\/h1>\t\t\t\t<\/div>\n\t\t\t\t<div class=\"elementor-element elementor-element-96953ad elementor-widget elementor-widget-image\" data-id=\"96953ad\" data-element_type=\"widget\" data-e-type=\"widget\" data-widget_type=\"image.default\">\n\t\t\t\t\t\t\t\t\t\t\t\t\t\t\t<img fetchpriority=\"high\" decoding=\"async\" width=\"1200\" height=\"312\" src=\"https:\/\/rewa.tech\/wp-content\/uploads\/2024\/06\/img_cookies_banner.jpg\" class=\"attachment-full size-full wp-image-25464\" alt=\"\" srcset=\"https:\/\/rewa.tech\/wp-content\/uploads\/2024\/06\/img_cookies_banner.jpg 1200w, https:\/\/rewa.tech\/wp-content\/uploads\/2024\/06\/img_cookies_banner-300x78.jpg 300w, https:\/\/rewa.tech\/wp-content\/uploads\/2024\/06\/img_cookies_banner-1024x266.jpg 1024w, https:\/\/rewa.tech\/wp-content\/uploads\/2024\/06\/img_cookies_banner-768x200.jpg 768w\" sizes=\"(max-width: 1200px) 100vw, 1200px\" title=\"\">\t\t\t\t\t\t\t\t\t\t\t\t\t\t\t<\/div>\n\t\t\t\t<div class=\"elementor-element elementor-element-4e52ec4 my-Text elementor-widget__width-initial elementor-widget-mobile__width-inherit elementor-widget elementor-widget-text-editor\" data-id=\"4e52ec4\" data-element_type=\"widget\" data-e-type=\"widget\" data-widget_type=\"text-editor.default\">\n\t\t\t\t\t\t\t\t\t<h2>Cookie-Richtlinie f\u00fcr REWA Tech<\/h2><p>Dies ist die Cookie-Richtlinie von REWA Tech, die Sie unter <a style=\"text-align: var(--text-align); background-color: #ffffff;\" href=\"https:\/\/rewa.tech\/de\/\">https:\/\/rewa.tech<\/a><\/p><hr class=\"style-two\" \/><h2>Was sind Cookies?<\/h2><p><span style=\"font-weight: 400;\">Wie bei fast allen professionellen Websites \u00fcblich, verwendet auch diese Website Cookies, d. h. winzige Dateien, die auf Ihren Computer heruntergeladen werden, um Ihre Erfahrung zu verbessern. Auf dieser Seite wird beschrieben, welche Informationen wir sammeln, wie wir sie verwenden und warum wir diese Cookies manchmal speichern m\u00fcssen. Wir teilen Ihnen auch mit, wie Sie die Speicherung dieser Cookies verhindern k\u00f6nnen, was jedoch zu einer Beeintr\u00e4chtigung bestimmter Funktionen der Website f\u00fchren kann.<\/span><\/p><hr class=\"style-two\" \/><h2>Wie wir Cookies verwenden<\/h2><p><span style=\"font-weight: 400;\">Wir verwenden Cookies aus einer Reihe von Gr\u00fcnden, die im Folgenden erl\u00e4utert werden. Leider gibt es in den meisten F\u00e4llen keine branchen\u00fcblichen Optionen zur Deaktivierung von Cookies, ohne die Funktionen und Merkmale, die sie dieser Website hinzuf\u00fcgen, vollst\u00e4ndig zu deaktivieren. Es wird empfohlen, alle Cookies zuzulassen, wenn Sie nicht sicher sind, ob Sie sie ben\u00f6tigen oder nicht, falls sie zur Bereitstellung eines von Ihnen genutzten Dienstes verwendet werden.<\/span><\/p><hr class=\"style-two\" \/><h2>Deaktivieren von Cookies<\/h2><p><span style=\"font-weight: 400;\">Sie k\u00f6nnen das Setzen von Cookies verhindern, indem Sie die Einstellungen Ihres Browsers anpassen (siehe dazu die Hilfe Ihres Browsers). Beachten Sie, dass die Deaktivierung von Cookies die Funktionalit\u00e4t dieser und vieler anderer Websites, die Sie besuchen, beeintr\u00e4chtigen wird. Die Deaktivierung von Cookies f\u00fchrt in der Regel auch zur Deaktivierung bestimmter Funktionen und Merkmale dieser Website. Es wird daher empfohlen, Cookies nicht zu deaktivieren.<\/span><\/p><hr class=\"style-two\" \/><h2>Die von uns gesetzten Cookies<\/h2><ul><li><span class=\"listhead\">Kontobezogene Cookies<\/span><span style=\"font-weight: 400;\">Wenn Sie ein Konto bei uns anlegen, verwenden wir Cookies f\u00fcr die Verwaltung des Anmeldevorgangs und die allgemeine Verwaltung. Diese Cookies werden in der Regel gel\u00f6scht, wenn Sie sich abmelden. In einigen F\u00e4llen k\u00f6nnen sie jedoch auch danach noch vorhanden sein, um Ihre Website-Einstellungen zu speichern, wenn Sie abgemeldet sind.<\/span><\/li><li><span class=\"listhead\">Anmeldebezogene Cookies<\/span><br \/>Wir verwenden Cookies, wenn Sie angemeldet sind, damit wir uns diese Tatsache merken k\u00f6nnen. Dies verhindert, dass Sie sich jedes Mal anmelden m\u00fcssen, wenn Sie eine neue Seite besuchen. Diese Cookies werden normalerweise entfernt oder gel\u00f6scht, wenn Sie sich abmelden, um sicherzustellen, dass Sie nur auf eingeschr\u00e4nkte Funktionen und Bereiche zugreifen k\u00f6nnen, wenn Sie eingeloggt sind.<\/li><li><span class=\"listhead\">Cookies f\u00fcr E-Mail-Newsletter<\/span><br \/>Diese Website bietet Newsletter- oder E-Mail-Abonnementdienste an, und Cookies k\u00f6nnen verwendet werden, um sich zu merken, ob Sie bereits registriert sind und ob bestimmte Benachrichtigungen angezeigt werden sollen, die m\u00f6glicherweise nur f\u00fcr angemeldete\/abgemeldete Benutzer gelten.<\/li><li><span class=\"listhead\">Umfragenbezogene Cookies<\/span><br \/>Von Zeit zu Zeit bieten wir Nutzerumfragen und Frageb\u00f6gen an, um Ihnen interessante Einblicke und hilfreiche Tools zu bieten oder um unsere Nutzerbasis besser zu verstehen. Diese Umfragen k\u00f6nnen Cookies verwenden, um sich zu merken, wer bereits an einer Umfrage teilgenommen hat, oder um Ihnen genaue Ergebnisse zu liefern, nachdem Sie die Seiten gewechselt haben.<\/li><li><span class=\"listhead\">Formularebezogene Cookies<\/span><br \/>Wenn Sie Daten \u00fcber ein Formular, z. B. auf Kontaktseiten oder Kommentarformularen, \u00fcbermitteln, k\u00f6nnen Cookies gesetzt werden, um Ihre Benutzerdaten f\u00fcr zuk\u00fcnftige Korrespondenz zu speichern.<\/li><li><span class=\"listhead\">Cookies f\u00fcr Website-Einstellungen<\/span><br \/>Um Ihnen einen angenehmen Aufenthalt auf dieser Website zu erm\u00f6glichen, bieten wir Ihnen die M\u00f6glichkeit, Ihre Pr\u00e4ferenzen f\u00fcr den Betrieb dieser Website festzulegen, wenn Sie sie nutzen. Damit wir uns Ihre Pr\u00e4ferenzen merken k\u00f6nnen, m\u00fcssen wir Cookies setzen, damit diese Informationen abgerufen werden k\u00f6nnen, wenn Sie mit einer Seite interagieren, die von Ihren Pr\u00e4ferenzen betroffen ist.<\/li><\/ul><hr class=\"style-two\" \/><h2>Cookies von Drittanbietern<\/h2><p>In einigen besonderen F\u00e4llen verwenden wir auch Cookies, die von vertrauensw\u00fcrdigen Dritten bereitgestellt werden. Im folgenden Abschnitt wird beschrieben, welche Cookies von Dritten Sie auf dieser Website finden k\u00f6nnen.<\/p><ul class=\"list2\"><li>Diese Website verwendet Google Analytics, eine der am weitesten verbreiteten und vertrauensw\u00fcrdigen Analysel\u00f6sungen im Internet, um uns dabei zu helfen, zu verstehen, wie Sie die Website nutzen und wie wir Ihre Erfahrung verbessern k\u00f6nnen. Diese Cookies k\u00f6nnen Dinge wie Ihre Verweildauer auf der Website und die von Ihnen besuchten Seiten aufzeichnen, damit wir weiterhin ansprechende Inhalte erstellen k\u00f6nnen. Weitere Informationen zu Google Analytics-Cookies finden Sie auf der offiziellen Google Analytics-Seite.<\/li><li>Von Zeit zu Zeit testen wir neue Funktionen und nehmen geringf\u00fcgige \u00c4nderungen an der Art und Weise vor, wie die Website bereitgestellt wird. Wenn wir noch neue Funktionen testen, k\u00f6nnen diese Cookies verwendet werden, um sicherzustellen, dass Sie auf der Website ein einheitliches Erlebnis haben, und um zu verstehen, welche Optimierungen unsere Nutzer am meisten sch\u00e4tzen.<\/li><li>Wir verwenden auch Schaltfl\u00e4chen und\/oder Plugins f\u00fcr soziale Medien auf dieser Website, die es Ihnen erm\u00f6glichen, sich auf verschiedene Weise mit Ihrem sozialen Netzwerk zu verbinden. Damit diese funktionieren, setzen die folgenden Social-Media-Websites wie Facebook, YouTube, Linkedin, X usw. \u00fcber unsere Website Cookies, die dazu verwendet werden k\u00f6nnen, Ihr Profil auf ihrer Website zu verbessern oder zu den Daten beizutragen, die sie f\u00fcr verschiedene Zwecke halten, die in ihren jeweiligen Datenschutzrichtlinien beschrieben sind.<\/li><\/ul><hr class=\"style-two\" \/><h2>Mehr Informationen<\/h2><p>Wie bereits erw\u00e4hnt, ist es bei Dingen, bei denen Sie sich nicht sicher sind, ob Sie sie ben\u00f6tigen, in der Regel sicherer, die Cookies aktiviert zu lassen, f\u00fcr den Fall, dass sie mit einer der Funktionen, die Sie auf unserer Website nutzen, interagieren.<\/p><p>Wenn Sie jedoch noch weitere Informationen w\u00fcnschen, k\u00f6nnen Sie uns \u00fcber eine unserer bevorzugten Kontaktm\u00f6glichkeiten kontaktieren:<\/p><ul><li>E-Mail: sales@rewa.tech<\/li><li>WhatsApp\/WeChat: +852 5167 5273<\/li><\/ul>\t\t\t\t\t\t\t\t<\/div>\n\t\t\t\t\t<\/div>\n\t\t\t\t<\/section>\n\t\t\t\t<\/div>","protected":false},"excerpt":{"rendered":"<p>Cookies Cookie Policy for REWA Tech This is the Cookie Policy for REWA Tech, accessible from https:\/\/rewa.tech What Are Cookies As is common practice with almost all professional websites this site uses cookies, which are tiny files that are downloaded to your computer, to improve your experience. This page describes what information we gather, how [&hellip;]<\/p>\n","protected":false},"author":1,"featured_media":0,"parent":0,"menu_order":0,"comment_status":"closed","ping_status":"closed","template":"","meta":{"footnotes":""},"class_list":["post-9736","page","type-page","status-publish","hentry"],"_links":{"self":[{"href":"https:\/\/rewa.tech\/de\/wp-json\/wp\/v2\/pages\/9736","targetHints":{"allow":["GET"]}}],"collection":[{"href":"https:\/\/rewa.tech\/de\/wp-json\/wp\/v2\/pages"}],"about":[{"href":"https:\/\/rewa.tech\/de\/wp-json\/wp\/v2\/types\/page"}],"author":[{"embeddable":true,"href":"https:\/\/rewa.tech\/de\/wp-json\/wp\/v2\/users\/1"}],"replies":[{"embeddable":true,"href":"https:\/\/rewa.tech\/de\/wp-json\/wp\/v2\/comments?post=9736"}],"version-history":[{"count":0,"href":"https:\/\/rewa.tech\/de\/wp-json\/wp\/v2\/pages\/9736\/revisions"}],"wp:attachment":[{"href":"https:\/\/rewa.tech\/de\/wp-json\/wp\/v2\/media?parent=9736"}],"curies":[{"name":"wp","href":"https:\/\/api.w.org\/{rel}","templated":true}]}}