{"id":6902,"date":"2023-09-21T17:51:38","date_gmt":"2023-09-21T09:51:38","guid":{"rendered":"https:\/\/rewa.tech\/?page_id=6902"},"modified":"2025-05-07T18:13:07","modified_gmt":"2025-05-07T10:13:07","slug":"condiciones","status":"publish","type":"page","link":"https:\/\/rewa.tech\/es\/terms-conditions\/","title":{"rendered":"Condiciones generales"},"content":{"rendered":"<div data-elementor-type=\"wp-page\" data-elementor-id=\"6902\" class=\"elementor elementor-6902\" data-elementor-post-type=\"page\">\n\t\t\t\t<section data-particle_enable=\"false\" data-particle-mobile-disabled=\"false\" class=\"elementor-element elementor-element-778beca e-flex e-con-boxed e-con e-parent\" data-id=\"778beca\" data-element_type=\"container\" data-e-type=\"container\">\n\t\t\t\t\t<div class=\"e-con-inner\">\n\t\t\t\t<div class=\"elementor-element elementor-element-7e66da0 elementor-widget elementor-widget-heading\" data-id=\"7e66da0\" data-element_type=\"widget\" data-e-type=\"widget\" data-widget_type=\"heading.default\">\n\t\t\t\t\t<h1 class=\"elementor-heading-title elementor-size-default\">Condiciones generales<\/h1>\t\t\t\t<\/div>\n\t\t\t\t<div class=\"elementor-element elementor-element-836e5e3 elementor-widget elementor-widget-image\" data-id=\"836e5e3\" data-element_type=\"widget\" data-e-type=\"widget\" data-widget_type=\"image.default\">\n\t\t\t\t\t\t\t\t\t\t\t\t\t\t\t<img fetchpriority=\"high\" decoding=\"async\" width=\"1200\" height=\"312\" src=\"https:\/\/rewa.tech\/wp-content\/uploads\/2024\/06\/img_terms_banner.jpg\" class=\"attachment-full size-full wp-image-25468\" alt=\"condiciones generales\" srcset=\"https:\/\/rewa.tech\/wp-content\/uploads\/2024\/06\/img_terms_banner.jpg 1200w, https:\/\/rewa.tech\/wp-content\/uploads\/2024\/06\/img_terms_banner-300x78.jpg 300w, https:\/\/rewa.tech\/wp-content\/uploads\/2024\/06\/img_terms_banner-1024x266.jpg 1024w, https:\/\/rewa.tech\/wp-content\/uploads\/2024\/06\/img_terms_banner-768x200.jpg 768w\" sizes=\"(max-width: 1200px) 100vw, 1200px\" title=\"\">\t\t\t\t\t\t\t\t\t\t\t\t\t\t\t<\/div>\n\t\t\t\t\t<\/div>\n\t\t\t\t<\/section>\n\t\t<section data-particle_enable=\"false\" data-particle-mobile-disabled=\"false\" class=\"elementor-element elementor-element-ae40832 e-flex e-con-boxed e-con e-parent\" data-id=\"ae40832\" data-element_type=\"container\" data-e-type=\"container\">\n\t\t\t\t\t<div class=\"e-con-inner\">\n\t\t\t\t<div class=\"elementor-element elementor-element-e5107c0 my-Text elementor-widget__width-initial elementor-widget-mobile__width-inherit elementor-widget elementor-widget-text-editor\" data-id=\"e5107c0\" data-element_type=\"widget\" data-e-type=\"widget\" data-widget_type=\"text-editor.default\">\n\t\t\t\t\t\t\t\t\t<h2>T\u00e9rminos y condiciones de REWA Tech<\/h2><p>Bienvenido a REWA Tech<\/p><p>Estos t\u00e9rminos y condiciones describen las normas y reglamentos de uso del sitio web de REWA Tech, ubicado en https:\/\/rewa.tech.<\/p><p>Al acceder a este sitio web asumimos que acepta estos t\u00e9rminos y condiciones. No contin\u00fae utilizando REWA Tech si no est\u00e1 de acuerdo en aceptar todos los t\u00e9rminos y condiciones establecidos en esta p\u00e1gina.<\/p><p>La siguiente terminolog\u00eda se aplica a estos T\u00e9rminos y Condiciones, Declaraci\u00f3n de Privacidad y Aviso de Descargo de Responsabilidad y todos los Acuerdos: \"Cliente\", \"Usted\" y \"Su\" se refiere a usted, la persona que se registra en este sitio web y cumple con los t\u00e9rminos y condiciones de la Compa\u00f1\u00eda. \"La Compa\u00f1\u00eda\", \"Nosotros\", \"Nosotros\", \"Nuestro\" y \"Nosotros\", se refiere a nuestra empresa. \"Parte\", \"Partes\" o \"Nosotros\", se refiere tanto al Cliente como a nosotros mismos. Todos los t\u00e9rminos se refieren a la oferta, aceptaci\u00f3n y contraprestaci\u00f3n de pago necesaria para llevar a cabo el proceso de nuestra asistencia al Cliente de la manera m\u00e1s adecuada con el prop\u00f3sito expreso de satisfacer las necesidades del Cliente con respecto a la prestaci\u00f3n de los servicios indicados de la Empresa, de conformidad con y con sujeci\u00f3n a la legislaci\u00f3n vigente de los Pa\u00edses Bajos. Cualquier uso de la terminolog\u00eda anterior u otras palabras en singular, plural, may\u00fasculas, y\/o \u00e9l\/ella o ellos, se consideran intercambiables y, por lo tanto, se refieren a lo mismo.<\/p><hr class=\"style-two\" \/><h2>Cookies<\/h2><p>Utilizamos cookies. Al acceder a REWA Tech, acepta el uso de cookies de acuerdo con la Pol\u00edtica de privacidad de REWA Tech.<\/p><p>La mayor\u00eda de los sitios web interactivos utilizan cookies que nos permiten recuperar los datos del usuario en cada visita. Nuestro sitio web utiliza cookies para permitir la funcionalidad de determinadas \u00e1reas y facilitar as\u00ed la visita a nuestro sitio web. Algunos de nuestros socios afiliados\/publicitarios tambi\u00e9n pueden utilizar cookies.<\/p><hr class=\"style-two\" \/><h2>Licencia<\/h2><p>A menos que se indique lo contrario, REWA Tech y\/o sus licenciantes poseen los derechos de propiedad intelectual de todo el material de REWA Tech. Todos los derechos de propiedad intelectual est\u00e1n reservados. Usted puede acceder a este material de REWA Tech para su uso personal sujeto a las restricciones establecidas en estos t\u00e9rminos y condiciones.<\/p><p>No debes hacerlo:<\/p><ul><li>Volver a publicar material de REWA Tech<\/li><li>Vender, alquilar o sublicenciar material de REWA Tech<\/li><li>Reproducir, duplicar o copiar material de REWA Tech<\/li><li>Redistribuir contenidos de REWA Tech<\/li><\/ul><p>El presente Acuerdo entrar\u00e1 en vigor en la fecha del mismo.<\/p><p>Algunas partes de este sitio web ofrecen a los usuarios la oportunidad de publicar e intercambiar opiniones e informaci\u00f3n en determinadas \u00e1reas del sitio web. REWA Tech no filtra, edita, publica ni revisa los Comentarios antes de su presencia en el sitio web. Los Comentarios no reflejan los puntos de vista y opiniones de REWA Tech, sus agentes y\/o afiliados. Los Comentarios reflejan los puntos de vista y opiniones de la persona que los publica. En la medida permitida por las leyes aplicables, REWA Tech no ser\u00e1 responsable de los Comentarios ni de ninguna responsabilidad, da\u00f1os o gastos causados y\/o sufridos como resultado de cualquier uso y\/o publicaci\u00f3n y\/o aparici\u00f3n de los Comentarios en este sitio web.<\/p><p>REWA Tech se reserva el derecho a supervisar todos los Comentarios y a eliminar cualquier Comentario que pueda considerarse inapropiado, ofensivo o que suponga un incumplimiento de estos T\u00e9rminos y Condiciones.<\/p><p>Usted garantiza y declara que:<\/p><ul><li>Usted tiene derecho a publicar los Comentarios en nuestro sitio web y dispone de todas las licencias y consentimientos necesarios para hacerlo;<\/li><li>Los Comentarios no invaden ning\u00fan derecho de propiedad intelectual, incluidos, entre otros, derechos de autor, patentes o marcas registradas de terceros;<\/li><li>Los Comentarios no contienen ning\u00fan material difamatorio, calumnioso, ofensivo, indecente o ilegal que suponga una invasi\u00f3n de la intimidad.<\/li><li>Los Comentarios no se utilizar\u00e1n para solicitar o promocionar negocios o costumbres ni para presentar actividades comerciales o il\u00edcitas.<\/li><\/ul><p>Por la presente, usted concede a REWA Tech una licencia no exclusiva para utilizar, reproducir, editar y autorizar a otros a utilizar, reproducir y editar cualquiera de sus Comentarios en cualquier forma, formato o medio.<\/p><hr class=\"style-two\" \/><h2>Hiperv\u00ednculos a nuestro contenido<\/h2><p>Las siguientes organizaciones pueden enlazar con nuestro sitio web sin autorizaci\u00f3n previa por escrito:<\/p><ul><li>Agencias gubernamentales;<\/li><li>Motores de b\u00fasqueda;<\/li><li>Organizaciones de noticias;<\/li><li>Los distribuidores de directorios en l\u00ednea pueden enlazar con nuestro sitio Web de la misma forma que hiperenlazan con los sitios Web de otras empresas incluidas en la lista; y<\/li><li>Empresas acreditadas en todo el sistema, excepto organizaciones sin \u00e1nimo de lucro, centros comerciales ben\u00e9ficos y grupos de recaudaci\u00f3n de fondos ben\u00e9ficos que no pueden establecer hiperv\u00ednculos con nuestro sitio web.<\/li><\/ul><p>Estas organizaciones pueden enlazar con nuestra p\u00e1gina de inicio, con publicaciones o con otra informaci\u00f3n del sitio web siempre que el enlace (a) no sea en modo alguno enga\u00f1oso; (b) no implique falsamente el patrocinio, respaldo o aprobaci\u00f3n de la parte enlazante y sus productos y\/o servicios; y (c) se ajuste al contexto del sitio de la parte enlazante.<\/p><p>Podemos considerar y aprobar otras solicitudes de enlaces de los siguientes tipos de organizaciones:<\/p><ul><li>fuentes de informaci\u00f3n com\u00fanmente conocidas de consumidores y\/o empresas;<\/li><li>sitios de la comunidad punto.com;<\/li><li>asociaciones u otros grupos que representen a organizaciones ben\u00e9ficas;<\/li><li>distribuidores de directorios en l\u00ednea;<\/li><li>portales de internet;<\/li><li>empresas de contabilidad, abogac\u00eda y consultor\u00eda; y<\/li><li>instituciones educativas y asociaciones comerciales.<\/li><\/ul><p>Aprobaremos las solicitudes de enlace de estas organizaciones si decidimos que (a) el enlace no nos har\u00eda quedar mal con nosotros mismos o con nuestras empresas acreditadas; (b) la organizaci\u00f3n no tiene antecedentes negativos con nosotros; (c) el beneficio para nosotros de la visibilidad del hiperv\u00ednculo compensa la ausencia de REWA Tech; y (d) el enlace est\u00e1 en el contexto de informaci\u00f3n general sobre recursos.<\/p><p>Estas organizaciones pueden enlazar con nuestra p\u00e1gina de inicio siempre que el enlace (a) no sea en modo alguno enga\u00f1oso; (b) no implique falsamente el patrocinio, respaldo o aprobaci\u00f3n de la parte enlazante y sus productos o servicios; y (c) se ajuste al contexto del sitio de la parte enlazante.<\/p><p>Si usted es una de las organizaciones enumeradas en el apartado 2 anterior y est\u00e1 interesado en enlazar con nuestro sitio web, debe informarnos enviando un correo electr\u00f3nico a REWA Tech. Por favor, incluya su nombre, el nombre de su organizaci\u00f3n e informaci\u00f3n de contacto, as\u00ed como la URL de su sitio web, una lista de las URL desde las que pretende enlazar con nuestro sitio web y una lista de las URL de nuestro sitio web a las que le gustar\u00eda enlazar. Espere 2-3 semanas a recibir una respuesta.<\/p><p>Las organizaciones autorizadas pueden establecer hiperenlaces con nuestro sitio web de la siguiente manera:<\/p><ul><li>Mediante el uso de nuestro nombre corporativo; o<\/li><li>Mediante el uso del localizador uniforme de recursos al que se enlaza; o<\/li><li>Mediante el uso de cualquier otra descripci\u00f3n de nuestro Sitio Web al que se enlaza que tenga sentido dentro del contexto y el formato del contenido del sitio de la parte que realiza el enlace.<\/li><\/ul><p>No se permitir\u00e1 el uso del logotipo de REWA Tech u otras ilustraciones para enlaces sin un acuerdo de licencia de marca registrada.<\/p><hr class=\"style-two\" \/><h2>iFrames<\/h2><p>Sin autorizaci\u00f3n previa y por escrito, no podr\u00e1 crear marcos alrededor de nuestras p\u00e1ginas web que alteren en modo alguno la presentaci\u00f3n visual o el aspecto de nuestro sitio web.<\/p><hr class=\"style-two\" \/><h2>Responsabilidad por contenidos<\/h2><p>No seremos responsables de ning\u00fan contenido que aparezca en su Sitio Web. Usted se compromete a protegernos y defendernos de todas las reclamaciones que surjan en su Sitio Web. No deben aparecer enlaces en ning\u00fan sitio web que puedan interpretarse como difamatorios, obscenos o delictivos, o que infrinjan, violen de otro modo o propugnen la infracci\u00f3n u otra violaci\u00f3n de los derechos de terceros.<\/p><hr class=\"style-two\" \/><h2>Reserva de derechos<\/h2><p>Nos reservamos el derecho a solicitarle que elimine todos los enlaces o cualquier enlace concreto a nuestro Sitio Web. Usted se compromete a eliminar inmediatamente todos los enlaces a nuestro Sitio Web cuando as\u00ed se le solicite. Tambi\u00e9n nos reservamos el derecho a modificar estas condiciones y su pol\u00edtica de enlaces en cualquier momento. Al enlazar de forma continuada a nuestro sitio web, usted se compromete a respetar y cumplir estos t\u00e9rminos y condiciones de enlace.<\/p><hr class=\"style-two\" \/><h2>Eliminaci\u00f3n de enlaces de nuestro sitio web<\/h2><p>Si encuentra alg\u00fan enlace en nuestro Sitio Web que le resulte ofensivo por cualquier motivo, puede ponerse en contacto con nosotros e informarnos en cualquier momento. Tendremos en cuenta las solicitudes de eliminaci\u00f3n de enlaces, pero no estamos obligados a hacerlo ni a responderle directamente.<\/p><p>No aseguramos que la informaci\u00f3n contenida en este sitio web sea correcta, no garantizamos que est\u00e9 completa ni que sea exacta; tampoco prometemos que el sitio web siga estando disponible ni que el material que contiene se mantenga actualizado.<\/p><hr class=\"style-two\" \/><h2>Descargo de responsabilidad<\/h2><p>En la medida m\u00e1xima permitida por la ley aplicable, excluimos todas las representaciones, garant\u00edas y condiciones relacionadas con nuestro sitio web y el uso de este sitio web. Nada de lo contenido en esta cl\u00e1usula de exenci\u00f3n de responsabilidad:<\/p><ul><li>limitar o excluir nuestra responsabilidad o la suya en caso de fallecimiento o da\u00f1os personales;<\/li><li>limitar o excluir nuestra responsabilidad o la suya por fraude o tergiversaci\u00f3n fraudulenta;<\/li><li>limitar cualquiera de nuestras responsabilidades o las suyas de cualquier forma que no est\u00e9 permitida por la legislaci\u00f3n aplicable; o<\/li><li>excluir cualquiera de nuestras responsabilidades o de las suyas que no puedan excluirse en virtud de la legislaci\u00f3n aplicable.<\/li><\/ul><p>Las limitaciones y prohibiciones de responsabilidad establecidas en esta secci\u00f3n y en otras partes de esta cl\u00e1usula de exenci\u00f3n de responsabilidad: (a) est\u00e1n sujetas al p\u00e1rrafo anterior; y (b) rigen todas las responsabilidades derivadas de la cl\u00e1usula de exenci\u00f3n de responsabilidad, incluidas las responsabilidades contractuales, extracontractuales y por incumplimiento de obligaciones legales.<\/p><p>En la medida en que el sitio web y la informaci\u00f3n y los servicios que en \u00e9l se ofrecen son gratuitos, no seremos responsables de ninguna p\u00e9rdida o da\u00f1o de cualquier naturaleza.<\/p>\t\t\t\t\t\t\t\t<\/div>\n\t\t\t\t\t<\/div>\n\t\t\t\t<\/section>\n\t\t\t\t<\/div>","protected":false},"excerpt":{"rendered":"<p>Terms &#038; Conditions Terms &amp; Conditions For REWA Tech Welcome to REWA Tech! These terms and conditions outline the rules and regulations for the use of REWA Tech&#8217;s Website, located at https:\/\/rewa.tech. By accessing this website we assume you accept these terms and conditions. Do not continue to use REWA Tech if you do not [&hellip;]<\/p>\n","protected":false},"author":1,"featured_media":25468,"parent":0,"menu_order":0,"comment_status":"closed","ping_status":"closed","template":"","meta":{"footnotes":""},"class_list":["post-6902","page","type-page","status-publish","has-post-thumbnail","hentry"],"_links":{"self":[{"href":"https:\/\/rewa.tech\/es\/wp-json\/wp\/v2\/pages\/6902","targetHints":{"allow":["GET"]}}],"collection":[{"href":"https:\/\/rewa.tech\/es\/wp-json\/wp\/v2\/pages"}],"about":[{"href":"https:\/\/rewa.tech\/es\/wp-json\/wp\/v2\/types\/page"}],"author":[{"embeddable":true,"href":"https:\/\/rewa.tech\/es\/wp-json\/wp\/v2\/users\/1"}],"replies":[{"embeddable":true,"href":"https:\/\/rewa.tech\/es\/wp-json\/wp\/v2\/comments?post=6902"}],"version-history":[{"count":0,"href":"https:\/\/rewa.tech\/es\/wp-json\/wp\/v2\/pages\/6902\/revisions"}],"wp:featuredmedia":[{"embeddable":true,"href":"https:\/\/rewa.tech\/es\/wp-json\/wp\/v2\/media\/25468"}],"wp:attachment":[{"href":"https:\/\/rewa.tech\/es\/wp-json\/wp\/v2\/media?parent=6902"}],"curies":[{"name":"wp","href":"https:\/\/api.w.org\/{rel}","templated":true}]}}