{"id":9736,"date":"2023-12-14T15:38:57","date_gmt":"2023-12-14T07:38:57","guid":{"rendered":"https:\/\/rewa.tech\/?page_id=9736"},"modified":"2025-03-26T11:32:09","modified_gmt":"2025-03-26T03:32:09","slug":"galletas","status":"publish","type":"page","link":"https:\/\/rewa.tech\/es\/cookies\/","title":{"rendered":"Cookies"},"content":{"rendered":"<div data-elementor-type=\"wp-page\" data-elementor-id=\"9736\" class=\"elementor elementor-9736\" data-elementor-post-type=\"page\">\n\t\t\t\t<section data-particle_enable=\"false\" data-particle-mobile-disabled=\"false\" class=\"elementor-element elementor-element-4737a72 e-flex e-con-boxed e-con e-parent\" data-id=\"4737a72\" data-element_type=\"container\" data-e-type=\"container\">\n\t\t\t\t\t<div class=\"e-con-inner\">\n\t\t\t\t<div class=\"elementor-element elementor-element-2d1e59c elementor-widget elementor-widget-heading\" data-id=\"2d1e59c\" data-element_type=\"widget\" data-e-type=\"widget\" data-widget_type=\"heading.default\">\n\t\t\t\t\t<h1 class=\"elementor-heading-title elementor-size-default\">Cookies<\/h1>\t\t\t\t<\/div>\n\t\t\t\t<div class=\"elementor-element elementor-element-96953ad elementor-widget elementor-widget-image\" data-id=\"96953ad\" data-element_type=\"widget\" data-e-type=\"widget\" data-widget_type=\"image.default\">\n\t\t\t\t\t\t\t\t\t\t\t\t\t\t\t<img fetchpriority=\"high\" decoding=\"async\" width=\"1200\" height=\"312\" src=\"https:\/\/rewa.tech\/wp-content\/uploads\/2024\/06\/img_cookies_banner.jpg\" class=\"attachment-full size-full wp-image-25464\" alt=\"\" srcset=\"https:\/\/rewa.tech\/wp-content\/uploads\/2024\/06\/img_cookies_banner.jpg 1200w, https:\/\/rewa.tech\/wp-content\/uploads\/2024\/06\/img_cookies_banner-300x78.jpg 300w, https:\/\/rewa.tech\/wp-content\/uploads\/2024\/06\/img_cookies_banner-1024x266.jpg 1024w, https:\/\/rewa.tech\/wp-content\/uploads\/2024\/06\/img_cookies_banner-768x200.jpg 768w\" sizes=\"(max-width: 1200px) 100vw, 1200px\" title=\"\">\t\t\t\t\t\t\t\t\t\t\t\t\t\t\t<\/div>\n\t\t\t\t<div class=\"elementor-element elementor-element-4e52ec4 my-Text elementor-widget__width-initial elementor-widget-mobile__width-inherit elementor-widget elementor-widget-text-editor\" data-id=\"4e52ec4\" data-element_type=\"widget\" data-e-type=\"widget\" data-widget_type=\"text-editor.default\">\n\t\t\t\t\t\t\t\t\t<h2>Pol\u00edtica de cookies de REWA Tech<\/h2><p>Esta es la Pol\u00edtica de Cookies de REWA Tech, accesible desde <a style=\"text-align: var(--text-align); background-color: #ffffff;\" href=\"https:\/\/rewa.tech\/es\/\">https:\/\/rewa.tech<\/a><\/p><hr class=\"style-two\" \/><h2>Qu\u00e9 son las cookies<\/h2><p><span style=\"font-weight: 400;\">Como es pr\u00e1ctica habitual en casi todos los sitios web profesionales, este sitio utiliza cookies, que son peque\u00f1os archivos que se descargan en su ordenador para mejorar su experiencia. Esta p\u00e1gina describe qu\u00e9 informaci\u00f3n recopilamos, c\u00f3mo la utilizamos y por qu\u00e9 a veces necesitamos almacenar estas cookies. Tambi\u00e9n le explicaremos c\u00f3mo puede evitar que se almacenen estas cookies, aunque esto puede degradar o \"romper\" ciertos elementos de la funcionalidad del sitio.<\/span><\/p><hr class=\"style-two\" \/><h2>C\u00f3mo utilizamos las cookies<\/h2><p><span style=\"font-weight: 400;\">Utilizamos cookies por una serie de razones que se detallan a continuaci\u00f3n. Lamentablemente, en la mayor\u00eda de los casos, no existen opciones est\u00e1ndar en la industria para desactivar las cookies sin desactivar por completo la funcionalidad y las caracter\u00edsticas que a\u00f1aden a este sitio. Se recomienda dejar activadas todas las cookies si no est\u00e1 seguro de si las necesita o no en caso de que se utilicen para prestar un servicio que usted utilice.<\/span><\/p><hr class=\"style-two\" \/><h2>Desactivar las cookies<\/h2><p><span style=\"font-weight: 400;\">Puede impedir la instalaci\u00f3n de cookies ajustando la configuraci\u00f3n de su navegador (consulte la Ayuda de su navegador para saber c\u00f3mo hacerlo). Tenga en cuenta que deshabilitar las cookies afectar\u00e1 a la funcionalidad de este y otros muchos sitios web que visite. La desactivaci\u00f3n de las cookies suele conllevar tambi\u00e9n la desactivaci\u00f3n de determinadas funciones y caracter\u00edsticas de este sitio. Por lo tanto, le recomendamos que no desactive las cookies.<\/span><\/p><hr class=\"style-two\" \/><h2>Las cookies que instalamos<\/h2><ul><li><span class=\"listhead\">Cookies relacionadas con la cuenta<\/span><span style=\"font-weight: 400;\">Si crea una cuenta con nosotros, utilizaremos cookies para la gesti\u00f3n del proceso de registro y la administraci\u00f3n general. Por lo general, estas cookies se eliminan al cerrar la sesi\u00f3n, aunque en algunos casos pueden permanecer despu\u00e9s para recordar sus preferencias del sitio cuando cierra la sesi\u00f3n.<\/span><\/li><li><span class=\"listhead\">Cookies relacionadas con el inicio de sesi\u00f3n<\/span><br \/>Utilizamos cookies cuando usted inicia sesi\u00f3n para recordar este hecho. Esto evita que tenga que iniciar sesi\u00f3n cada vez que visita una nueva p\u00e1gina. Estas cookies suelen eliminarse o borrarse al cerrar la sesi\u00f3n para garantizar que solo pueda acceder a las funciones y \u00e1reas restringidas cuando haya iniciado sesi\u00f3n.<\/li><li><span class=\"listhead\">Cookies relacionadas con boletines electr\u00f3nicos<\/span><br \/>Este sitio ofrece servicios de suscripci\u00f3n a boletines o correos electr\u00f3nicos y las cookies pueden utilizarse para recordar si ya est\u00e1 registrado y si se muestran determinadas notificaciones que podr\u00edan ser v\u00e1lidas s\u00f3lo para usuarios suscritos\/no suscritos.<\/li><li><span class=\"listhead\">Cookies relacionadas con encuestas<\/span><br \/>De vez en cuando ofrecemos encuestas y cuestionarios a los usuarios para proporcionarles informaci\u00f3n interesante y herramientas \u00fatiles, o para comprender mejor nuestra base de usuarios. Estas encuestas pueden utilizar cookies para recordar qui\u00e9n ha participado ya en una encuesta o para ofrecerle resultados precisos despu\u00e9s de cambiar de p\u00e1gina.<\/li><li><span class=\"listhead\">Cookies relacionadas con formularios<\/span><br \/>Cuando env\u00eda datos a trav\u00e9s de un formulario, como los que se encuentran en las p\u00e1ginas de contacto o en los formularios de comentarios, se pueden instalar cookies para recordar sus datos de usuario para futuras correspondencias.<\/li><li><span class=\"listhead\">Cookies de preferencias del sitio<\/span><br \/>Con el fin de proporcionarle una gran experiencia en este sitio, le proporcionamos la funcionalidad para establecer sus preferencias sobre c\u00f3mo funciona este sitio cuando lo utiliza. Con el fin de recordar sus preferencias, necesitamos configurar cookies para que esta informaci\u00f3n pueda ser llamada cada vez que interact\u00fae con una p\u00e1gina que se vea afectada por sus preferencias.<\/li><\/ul><hr class=\"style-two\" \/><h2>Cookies de terceros<\/h2><p>En algunos casos especiales, tambi\u00e9n utilizamos cookies proporcionadas por terceros de confianza. En la siguiente secci\u00f3n se detalla qu\u00e9 cookies de terceros puede encontrar a trav\u00e9s de este sitio.<\/p><ul class=\"list2\"><li>Este sitio utiliza Google Analytics, una de las soluciones anal\u00edticas m\u00e1s extendidas y fiables de la web, para ayudarnos a comprender c\u00f3mo utiliza el sitio y c\u00f3mo podemos mejorar su experiencia. Estas cookies pueden rastrear cosas como el tiempo que pasa en el sitio y las p\u00e1ginas que visita para que podamos seguir produciendo contenido atractivo. Para m\u00e1s informaci\u00f3n sobre las cookies de Google Analytics, consulte la p\u00e1gina oficial de Google Analytics.<\/li><li>De vez en cuando probamos nuevas funciones e introducimos cambios sutiles en el funcionamiento del sitio. Cuando todav\u00eda estamos probando nuevas funciones, estas cookies se pueden utilizar para garantizar que usted recibe una experiencia consistente mientras est\u00e1 en el sitio, al tiempo que nos aseguramos de entender qu\u00e9 optimizaciones aprecian m\u00e1s nuestros usuarios.<\/li><li>Tambi\u00e9n utilizamos botones y\/o plugins de redes sociales en este sitio que le permiten conectarse con su red social de diversas maneras. Para que funcionen, las siguientes redes sociales, entre las que se incluyen Facebook, YouTube, Linkedin, X, etc., instalar\u00e1n cookies a trav\u00e9s de nuestro sitio, que pueden utilizarse para mejorar su perfil en su sitio o contribuir a los datos que poseen para diversos fines descritos en sus respectivas pol\u00edticas de privacidad.<\/li><\/ul><hr class=\"style-two\" \/><h2>M\u00e1s informaci\u00f3n<\/h2><p>Esperamos que esto le haya aclarado las cosas y, como se mencion\u00f3 anteriormente, si hay algo que no est\u00e1 seguro de si necesita o no, normalmente es m\u00e1s seguro dejar las cookies activadas en caso de que interact\u00faen con alguna de las funciones que utiliza en nuestro sitio.<\/p><p>No obstante, si sigue buscando m\u00e1s informaci\u00f3n, puede ponerse en contacto con nosotros a trav\u00e9s de uno de nuestros m\u00e9todos de contacto preferidos:<\/p><ul><li>Correo electr\u00f3nico: sales@rewa.tech<\/li><li>WhatsApp\/WeChat: +852 5167 5273<\/li><\/ul>\t\t\t\t\t\t\t\t<\/div>\n\t\t\t\t\t<\/div>\n\t\t\t\t<\/section>\n\t\t\t\t<\/div>","protected":false},"excerpt":{"rendered":"<p>Cookies Cookie Policy for REWA Tech This is the Cookie Policy for REWA Tech, accessible from https:\/\/rewa.tech What Are Cookies As is common practice with almost all professional websites this site uses cookies, which are tiny files that are downloaded to your computer, to improve your experience. This page describes what information we gather, how [&hellip;]<\/p>\n","protected":false},"author":1,"featured_media":0,"parent":0,"menu_order":0,"comment_status":"closed","ping_status":"closed","template":"","meta":{"footnotes":""},"class_list":["post-9736","page","type-page","status-publish","hentry"],"_links":{"self":[{"href":"https:\/\/rewa.tech\/es\/wp-json\/wp\/v2\/pages\/9736","targetHints":{"allow":["GET"]}}],"collection":[{"href":"https:\/\/rewa.tech\/es\/wp-json\/wp\/v2\/pages"}],"about":[{"href":"https:\/\/rewa.tech\/es\/wp-json\/wp\/v2\/types\/page"}],"author":[{"embeddable":true,"href":"https:\/\/rewa.tech\/es\/wp-json\/wp\/v2\/users\/1"}],"replies":[{"embeddable":true,"href":"https:\/\/rewa.tech\/es\/wp-json\/wp\/v2\/comments?post=9736"}],"version-history":[{"count":0,"href":"https:\/\/rewa.tech\/es\/wp-json\/wp\/v2\/pages\/9736\/revisions"}],"wp:attachment":[{"href":"https:\/\/rewa.tech\/es\/wp-json\/wp\/v2\/media?parent=9736"}],"curies":[{"name":"wp","href":"https:\/\/api.w.org\/{rel}","templated":true}]}}