{"id":6891,"date":"2023-09-21T17:45:20","date_gmt":"2023-09-21T09:45:20","guid":{"rendered":"https:\/\/rewa.tech\/?page_id=6891"},"modified":"2025-04-22T11:32:48","modified_gmt":"2025-04-22T03:32:48","slug":"politique-de-confidentialite","status":"publish","type":"page","link":"https:\/\/rewa.tech\/fr\/privacy-policy\/","title":{"rendered":"Politique de confidentialit\u00e9"},"content":{"rendered":"<div data-elementor-type=\"wp-page\" data-elementor-id=\"6891\" class=\"elementor elementor-6891\" data-elementor-post-type=\"page\">\n\t\t\t\t<section data-particle_enable=\"false\" data-particle-mobile-disabled=\"false\" class=\"elementor-element elementor-element-b04a04b e-flex e-con-boxed e-con e-parent\" data-id=\"b04a04b\" data-element_type=\"container\" data-e-type=\"container\">\n\t\t\t\t\t<div class=\"e-con-inner\">\n\t\t\t\t<div class=\"elementor-element elementor-element-c456d72 elementor-widget elementor-widget-heading\" data-id=\"c456d72\" data-element_type=\"widget\" data-e-type=\"widget\" data-widget_type=\"heading.default\">\n\t\t\t\t\t<h1 class=\"elementor-heading-title elementor-size-default\">Politique de confidentialit\u00e9<\/h1>\t\t\t\t<\/div>\n\t\t\t\t<div class=\"elementor-element elementor-element-3623edc elementor-widget elementor-widget-image\" data-id=\"3623edc\" data-element_type=\"widget\" data-e-type=\"widget\" data-widget_type=\"image.default\">\n\t\t\t\t\t\t\t\t\t\t\t\t\t\t\t<img fetchpriority=\"high\" decoding=\"async\" width=\"1200\" height=\"312\" src=\"https:\/\/rewa.tech\/wp-content\/uploads\/2024\/06\/img_privacypolicy_banner.jpg\" class=\"attachment-full size-full wp-image-25467\" alt=\"\" srcset=\"https:\/\/rewa.tech\/wp-content\/uploads\/2024\/06\/img_privacypolicy_banner.jpg 1200w, https:\/\/rewa.tech\/wp-content\/uploads\/2024\/06\/img_privacypolicy_banner-300x78.jpg 300w, https:\/\/rewa.tech\/wp-content\/uploads\/2024\/06\/img_privacypolicy_banner-1024x266.jpg 1024w, https:\/\/rewa.tech\/wp-content\/uploads\/2024\/06\/img_privacypolicy_banner-768x200.jpg 768w\" sizes=\"(max-width: 1200px) 100vw, 1200px\" title=\"\">\t\t\t\t\t\t\t\t\t\t\t\t\t\t\t<\/div>\n\t\t\t\t<div class=\"elementor-element elementor-element-32ae676 my-Text elementor-widget__width-initial elementor-widget-mobile__width-inherit elementor-widget elementor-widget-text-editor\" data-id=\"32ae676\" data-element_type=\"widget\" data-e-type=\"widget\" data-widget_type=\"text-editor.default\">\n\t\t\t\t\t\t\t\t\t<h2>Politique de confidentialit\u00e9 de REWA Tech<\/h2><p>Chez REWA Tech, accessible \u00e0 partir de https:\/\/rewa.tech, l'une de nos principales priorit\u00e9s est la protection de la vie priv\u00e9e de nos visiteurs. Le pr\u00e9sent document sur la politique de protection de la vie priv\u00e9e d\u00e9crit les types d'informations collect\u00e9es et enregistr\u00e9es par REWA Tech, ainsi que la mani\u00e8re dont nous les utilisons.<\/p><p>Si vous avez des questions suppl\u00e9mentaires ou si vous souhaitez obtenir plus d'informations sur notre politique de protection de la vie priv\u00e9e, n'h\u00e9sitez pas \u00e0 nous contacter.<\/p><hr class=\"style-two\" \/><h2>Communications par courrier \u00e9lectronique<\/h2><p>Lorsque les utilisateurs soumettent un formulaire sur le site web de REWA Tech, nous pouvons recueillir leur adresse \u00e9lectronique. En fournissant votre adresse \u00e9lectronique, vous acceptez que nous l'utilisions pour vous envoyer des communications commerciales telles que des informations sur les nouveaux produits, des offres promotionnelles, des coupons, des conseils, des guides et d'autres informations pertinentes.<\/p><p>Si vous ne souhaitez pas recevoir ces courriels de marketing, vous pouvez vous d\u00e9sabonner \u00e0 tout moment en suivant les instructions de d\u00e9sabonnement incluses dans chaque courriel ou en nous contactant directement. Nous nous engageons \u00e0 respecter votre vie priv\u00e9e et \u00e0 ne pas communiquer votre adresse \u00e9lectronique \u00e0 des tiers \u00e0 des fins de marketing sans votre consentement explicite.<\/p><hr class=\"style-two\" \/><h2>Fichiers journaux<\/h2><p>REWA Tech suit une proc\u00e9dure standard d'utilisation de fichiers journaux. Ces fichiers enregistrent les visiteurs lorsqu'ils visitent les sites web. Toutes les soci\u00e9t\u00e9s d'h\u00e9bergement proc\u00e8dent de la sorte et font partie de l'analyse des services d'h\u00e9bergement. Les informations collect\u00e9es par les fichiers journaux comprennent les adresses IP (Internet Protocol), le type de navigateur, le fournisseur d'acc\u00e8s \u00e0 Internet (FAI), la date et l'heure, les pages de renvoi et de sortie et, \u00e9ventuellement, le nombre de clics. Ces donn\u00e9es ne sont pas li\u00e9es \u00e0 des informations personnellement identifiables. L'objectif de ces informations est d'analyser les tendances, d'administrer le site, de suivre les mouvements des utilisateurs sur le site et de recueillir des informations d\u00e9mographiques.<\/p><hr class=\"style-two\" \/><h2>Cookies et balises web<\/h2><p>Comme tout autre site web, REWA Tech utilise des \"cookies\". Ces cookies sont utilis\u00e9s pour stocker des informations, y compris les pr\u00e9f\u00e9rences des visiteurs et les pages du site web auxquelles le visiteur a acc\u00e9d\u00e9 ou qu'il a visit\u00e9es. Ces informations sont utilis\u00e9es pour optimiser l'exp\u00e9rience des utilisateurs en personnalisant le contenu de nos pages web en fonction du type de navigateur des visiteurs et\/ou d'autres informations.<\/p><hr class=\"style-two\" \/><h2>Politiques de confidentialit\u00e9<\/h2><p>Vous pouvez consulter cette liste pour trouver la politique de confidentialit\u00e9 de chacun des partenaires publicitaires de REWA Tech.<\/p><p>Les serveurs publicitaires tiers ou les r\u00e9seaux publicitaires utilisent des technologies telles que les cookies, le JavaScript ou les pixels invisibles qui sont utilis\u00e9s dans leurs publicit\u00e9s et liens respectifs qui apparaissent sur REWA Tech, et qui sont envoy\u00e9s directement aux navigateurs des utilisateurs. Ils re\u00e7oivent automatiquement votre adresse IP lorsque cela se produit. Ces technologies sont utilis\u00e9es pour mesurer l'efficacit\u00e9 de leurs campagnes publicitaires et\/ou pour personnaliser le contenu publicitaire que vous voyez sur les sites web que vous visitez.<\/p><p>REWA Tech n'a aucun acc\u00e8s ou contr\u00f4le sur ces cookies utilis\u00e9s par des annonceurs tiers.<\/p><hr class=\"style-two\" \/><h2>Politiques de confidentialit\u00e9 des tiers<\/h2><p>La politique de confidentialit\u00e9 de REWA Tech ne s'applique pas \u00e0 d'autres annonceurs ou sites web. Nous vous conseillons donc de consulter les politiques de confidentialit\u00e9 respectives de ces serveurs publicitaires tiers pour obtenir des informations plus d\u00e9taill\u00e9es. Cela peut inclure leurs pratiques et des instructions sur la fa\u00e7on de refuser certaines options.<\/p><p>Vous pouvez choisir de d\u00e9sactiver les cookies par le biais des options de votre navigateur. Pour obtenir des informations plus d\u00e9taill\u00e9es sur la gestion des cookies avec des navigateurs web sp\u00e9cifiques, vous pouvez consulter les sites web respectifs de ces navigateurs.<\/p><hr class=\"style-two\" \/><h2>Informations pour les enfants<\/h2><p>Une autre de nos priorit\u00e9s est de renforcer la protection des enfants lorsqu'ils utilisent l'internet. Nous encourageons les parents et les tuteurs \u00e0 observer leurs activit\u00e9s en ligne, \u00e0 y participer et\/ou \u00e0 les surveiller et \u00e0 les guider.<\/p><p>Si vous pensez que votre enfant a fourni ce type d'informations sur notre site web, nous vous encourageons vivement \u00e0 nous contacter imm\u00e9diatement et nous ferons tout notre possible pour supprimer rapidement ces informations de nos dossiers.<\/p><hr class=\"style-two\" \/><h2>Politique de confidentialit\u00e9 en ligne uniquement<\/h2><p>La pr\u00e9sente politique de confidentialit\u00e9 ne s'applique qu'\u00e0 nos activit\u00e9s en ligne et est valable pour les visiteurs de notre site web en ce qui concerne les informations qu'ils partagent et\/ou collectent dans REWA Tech. Cette politique ne s'applique pas aux informations collect\u00e9es hors ligne ou via d'autres canaux que ce site web.<\/p><hr class=\"style-two\" \/><h2>Consentement<\/h2><p>En utilisant notre site web, vous consentez par la pr\u00e9sente \u00e0 notre politique de confidentialit\u00e9 et acceptez ses conditions g\u00e9n\u00e9rales.<\/p>\t\t\t\t\t\t\t\t<\/div>\n\t\t\t\t\t<\/div>\n\t\t\t\t<\/section>\n\t\t\t\t<\/div>","protected":false},"excerpt":{"rendered":"<p>Privacy Policy Privacy Policy For REWA Tech At REWA Tech, accessible from https:\/\/rewa.tech, one of our main priorities is the privacy of our visitors. This Privacy Policy document contains types of information that are collected and recorded by REWA Tech and how we use it. If you have additional questions or require more information about [&hellip;]<\/p>\n","protected":false},"author":1,"featured_media":0,"parent":0,"menu_order":0,"comment_status":"closed","ping_status":"closed","template":"","meta":{"footnotes":""},"class_list":["post-6891","page","type-page","status-publish","hentry"],"_links":{"self":[{"href":"https:\/\/rewa.tech\/fr\/wp-json\/wp\/v2\/pages\/6891","targetHints":{"allow":["GET"]}}],"collection":[{"href":"https:\/\/rewa.tech\/fr\/wp-json\/wp\/v2\/pages"}],"about":[{"href":"https:\/\/rewa.tech\/fr\/wp-json\/wp\/v2\/types\/page"}],"author":[{"embeddable":true,"href":"https:\/\/rewa.tech\/fr\/wp-json\/wp\/v2\/users\/1"}],"replies":[{"embeddable":true,"href":"https:\/\/rewa.tech\/fr\/wp-json\/wp\/v2\/comments?post=6891"}],"version-history":[{"count":0,"href":"https:\/\/rewa.tech\/fr\/wp-json\/wp\/v2\/pages\/6891\/revisions"}],"wp:attachment":[{"href":"https:\/\/rewa.tech\/fr\/wp-json\/wp\/v2\/media?parent=6891"}],"curies":[{"name":"wp","href":"https:\/\/api.w.org\/{rel}","templated":true}]}}