{"id":6907,"date":"2023-09-21T17:57:48","date_gmt":"2023-09-21T09:57:48","guid":{"rendered":"https:\/\/rewa.tech\/?page_id=6907"},"modified":"2025-04-22T11:29:57","modified_gmt":"2025-04-22T03:29:57","slug":"clause-de-non-responsabilite","status":"publish","type":"page","link":"https:\/\/rewa.tech\/fr\/disclaimer\/","title":{"rendered":"Clause de non-responsabilit\u00e9"},"content":{"rendered":"<div data-elementor-type=\"wp-page\" data-elementor-id=\"6907\" class=\"elementor elementor-6907\" data-elementor-post-type=\"page\">\n\t\t\t\t<section data-particle_enable=\"false\" data-particle-mobile-disabled=\"false\" class=\"elementor-element elementor-element-f059d4e e-flex e-con-boxed e-con e-parent\" data-id=\"f059d4e\" data-element_type=\"container\" data-e-type=\"container\">\n\t\t\t\t\t<div class=\"e-con-inner\">\n\t\t\t\t<div class=\"elementor-element elementor-element-a051329 elementor-widget elementor-widget-heading\" data-id=\"a051329\" data-element_type=\"widget\" data-e-type=\"widget\" data-widget_type=\"heading.default\">\n\t\t\t\t\t<h1 class=\"elementor-heading-title elementor-size-default\">Clause de non-responsabilit\u00e9<\/h1>\t\t\t\t<\/div>\n\t\t\t\t<div class=\"elementor-element elementor-element-e87f2a2 elementor-widget elementor-widget-image\" data-id=\"e87f2a2\" data-element_type=\"widget\" data-e-type=\"widget\" data-widget_type=\"image.default\">\n\t\t\t\t\t\t\t\t\t\t\t\t\t\t\t<img fetchpriority=\"high\" decoding=\"async\" width=\"1200\" height=\"312\" src=\"https:\/\/rewa.tech\/wp-content\/uploads\/2024\/06\/img_disclaimer_banner.jpg\" class=\"attachment-full size-full wp-image-25465\" alt=\"\" srcset=\"https:\/\/rewa.tech\/wp-content\/uploads\/2024\/06\/img_disclaimer_banner.jpg 1200w, https:\/\/rewa.tech\/wp-content\/uploads\/2024\/06\/img_disclaimer_banner-300x78.jpg 300w, https:\/\/rewa.tech\/wp-content\/uploads\/2024\/06\/img_disclaimer_banner-1024x266.jpg 1024w, https:\/\/rewa.tech\/wp-content\/uploads\/2024\/06\/img_disclaimer_banner-768x200.jpg 768w\" sizes=\"(max-width: 1200px) 100vw, 1200px\" title=\"\">\t\t\t\t\t\t\t\t\t\t\t\t\t\t\t<\/div>\n\t\t\t\t<div class=\"elementor-element elementor-element-4e52ec4 my-Text elementor-widget__width-initial elementor-widget-mobile__width-inherit elementor-widget elementor-widget-text-editor\" data-id=\"4e52ec4\" data-element_type=\"widget\" data-e-type=\"widget\" data-widget_type=\"text-editor.default\">\n\t\t\t\t\t\t\t\t\t<h2>Avis de non-responsabilit\u00e9 pour REWA Tech<\/h2><p>Si vous souhaitez obtenir de plus amples informations ou si vous avez des questions concernant la clause de non-responsabilit\u00e9 de notre site, n'h\u00e9sitez pas \u00e0 nous contacter par courrier \u00e9lectronique \u00e0 l'adresse suivante <a rel=\"noopener\">rewaparts@gmail.com<\/a>.<\/p><hr class=\"style-two\" \/><h2>Clause de non-responsabilit\u00e9 pour REWA Tech<\/h2><p>Toutes les informations sur ce site - <a href=\"https:\/\/rewa.tech\/fr\/\" target=\"_new\" rel=\"noopener\">https:\/\/rewa.tech<\/a> - est publi\u00e9 en toute bonne foi et \u00e0 des fins d'information g\u00e9n\u00e9rale uniquement. REWA Tech ne donne aucune garantie quant \u00e0 l'exhaustivit\u00e9, la fiabilit\u00e9 et l'exactitude de ces informations. Toute action entreprise sur la base des informations trouv\u00e9es sur ce site (REWA Tech) est strictement \u00e0 vos risques et p\u00e9rils. REWA Tech n'est pas responsable des pertes et\/ou dommages li\u00e9s \u00e0 l'utilisation de son site web.<\/p><p>\u00c0 partir de notre site web, vous pouvez visiter d'autres sites web en suivant les liens hypertextes vers ces sites externes. Bien que nous nous efforcions de ne fournir que des liens de qualit\u00e9 vers des sites utiles et \u00e9thiques, nous n'avons aucun contr\u00f4le sur le contenu et la nature de ces sites. Ces liens vers d'autres sites web n'impliquent pas une recommandation de l'ensemble du contenu de ces sites. Les propri\u00e9taires et le contenu des sites peuvent changer sans pr\u00e9avis et cela peut se produire avant que nous ayons la possibilit\u00e9 de supprimer un lien qui aurait pu devenir \"mauvais\".<\/p><p>Sachez \u00e9galement que lorsque vous quittez notre site web, d'autres sites peuvent avoir des politiques de confidentialit\u00e9 et des conditions diff\u00e9rentes qui \u00e9chappent \u00e0 notre contr\u00f4le. Veillez \u00e0 v\u00e9rifier les politiques de confidentialit\u00e9 de ces sites ainsi que leurs \"conditions de service\" avant de vous engager dans une activit\u00e9 commerciale ou de t\u00e9l\u00e9charger des informations.<\/p><hr class=\"style-two\" \/><h2>Marques de tiers<\/h2><p>REWA Tech d\u00e9clare que tous les noms de produits et de soci\u00e9t\u00e9s figurant dans son inventaire et ses documents de marketing, y compris, mais sans s'y limiter, iPhone, Samsung, Huawei, MacBook et toutes les autres marques, sont la propri\u00e9t\u00e9 de leurs d\u00e9tenteurs respectifs. Ces d\u00e9tenteurs de marques ne sont pas affili\u00e9s \u00e0 REWA Tech, \u00e0 nos produits ou \u00e0 notre site web. Ils ne cautionnent ni ne parrainent REWA Tech ou l'un quelconque de nos produits ou services disponibles en ligne.<\/p><p>Nous vendons une vari\u00e9t\u00e9 de pi\u00e8ces de rechange et de r\u00e9paration de tiers pour les marques et les produits susmentionn\u00e9s. Les pi\u00e8ces de rechange fournies par REWA Tech \u00e0 des fins de r\u00e9paration proviennent de divers fournisseurs et ne sont pas n\u00e9cessairement autoris\u00e9es ou approuv\u00e9es par les fabricants d'origine des appareils.<\/p><p>En faisant r\u00e9f\u00e9rence \u00e0 ces marques sur le site web de REWA Tech ou sur toute autre plateforme promotionnelle, nous ne faisons que fournir des informations \u00e0 nos clients afin de nous assurer que les produits que nous proposons sont compatibles avec ces marques et qu'ils conviennent. REWA Tech d\u00e9cline par la pr\u00e9sente tout droit de propri\u00e9t\u00e9 sur les marques de commerce, les marques de service, les logos et les noms de marque autres que les siens.<\/p><p>Les marques d\u00e9pos\u00e9es, les marques et les noms de toutes les autres soci\u00e9t\u00e9s sont la propri\u00e9t\u00e9 de leurs d\u00e9tenteurs respectifs. L'utilisation de ces marques n'implique aucune affiliation ou approbation de leur part.<\/p><hr class=\"style-two\" \/><h2>Consentement<\/h2><p>En utilisant notre site web, vous consentez par la pr\u00e9sente \u00e0 notre clause de non-responsabilit\u00e9 et en acceptez les termes.<\/p><hr class=\"style-two\" \/><h2>Mise \u00e0 jour<\/h2><p>Si nous mettons \u00e0 jour, modifions ou apportons des changements \u00e0 ce document, ces changements seront affich\u00e9s de mani\u00e8re visible ici.<\/p>\t\t\t\t\t\t\t\t<\/div>\n\t\t\t\t\t<\/div>\n\t\t\t\t<\/section>\n\t\t\t\t<\/div>","protected":false},"excerpt":{"rendered":"<p>Disclaimer Disclaimer for REWA Tech If you require any more information or have any questions about our site\u2019s disclaimer, please feel free to contact us by email at rewaparts@gmail.com. Disclaimers for REWA Tech All the information on this website \u2013 https:\/\/rewa.tech \u2013 is published in good faith and for general information purposes only. REWA Tech [&hellip;]<\/p>\n","protected":false},"author":1,"featured_media":0,"parent":0,"menu_order":0,"comment_status":"closed","ping_status":"closed","template":"","meta":{"footnotes":""},"class_list":["post-6907","page","type-page","status-publish","hentry"],"_links":{"self":[{"href":"https:\/\/rewa.tech\/fr\/wp-json\/wp\/v2\/pages\/6907","targetHints":{"allow":["GET"]}}],"collection":[{"href":"https:\/\/rewa.tech\/fr\/wp-json\/wp\/v2\/pages"}],"about":[{"href":"https:\/\/rewa.tech\/fr\/wp-json\/wp\/v2\/types\/page"}],"author":[{"embeddable":true,"href":"https:\/\/rewa.tech\/fr\/wp-json\/wp\/v2\/users\/1"}],"replies":[{"embeddable":true,"href":"https:\/\/rewa.tech\/fr\/wp-json\/wp\/v2\/comments?post=6907"}],"version-history":[{"count":0,"href":"https:\/\/rewa.tech\/fr\/wp-json\/wp\/v2\/pages\/6907\/revisions"}],"wp:attachment":[{"href":"https:\/\/rewa.tech\/fr\/wp-json\/wp\/v2\/media?parent=6907"}],"curies":[{"name":"wp","href":"https:\/\/api.w.org\/{rel}","templated":true}]}}