{"id":9736,"date":"2023-12-14T15:38:57","date_gmt":"2023-12-14T07:38:57","guid":{"rendered":"https:\/\/rewa.tech\/?page_id=9736"},"modified":"2025-03-26T11:32:09","modified_gmt":"2025-03-26T03:32:09","slug":"biscuits","status":"publish","type":"page","link":"https:\/\/rewa.tech\/fr\/cookies\/","title":{"rendered":"Cookies"},"content":{"rendered":"<div data-elementor-type=\"wp-page\" data-elementor-id=\"9736\" class=\"elementor elementor-9736\" data-elementor-post-type=\"page\">\n\t\t\t\t<section data-particle_enable=\"false\" data-particle-mobile-disabled=\"false\" class=\"elementor-element elementor-element-4737a72 e-flex e-con-boxed e-con e-parent\" data-id=\"4737a72\" data-element_type=\"container\" data-e-type=\"container\">\n\t\t\t\t\t<div class=\"e-con-inner\">\n\t\t\t\t<div class=\"elementor-element elementor-element-2d1e59c elementor-widget elementor-widget-heading\" data-id=\"2d1e59c\" data-element_type=\"widget\" data-e-type=\"widget\" data-widget_type=\"heading.default\">\n\t\t\t\t\t<h1 class=\"elementor-heading-title elementor-size-default\">Cookies<\/h1>\t\t\t\t<\/div>\n\t\t\t\t<div class=\"elementor-element elementor-element-96953ad elementor-widget elementor-widget-image\" data-id=\"96953ad\" data-element_type=\"widget\" data-e-type=\"widget\" data-widget_type=\"image.default\">\n\t\t\t\t\t\t\t\t\t\t\t\t\t\t\t<img fetchpriority=\"high\" decoding=\"async\" width=\"1200\" height=\"312\" src=\"https:\/\/rewa.tech\/wp-content\/uploads\/2024\/06\/img_cookies_banner.jpg\" class=\"attachment-full size-full wp-image-25464\" alt=\"\" srcset=\"https:\/\/rewa.tech\/wp-content\/uploads\/2024\/06\/img_cookies_banner.jpg 1200w, https:\/\/rewa.tech\/wp-content\/uploads\/2024\/06\/img_cookies_banner-300x78.jpg 300w, https:\/\/rewa.tech\/wp-content\/uploads\/2024\/06\/img_cookies_banner-1024x266.jpg 1024w, https:\/\/rewa.tech\/wp-content\/uploads\/2024\/06\/img_cookies_banner-768x200.jpg 768w\" sizes=\"(max-width: 1200px) 100vw, 1200px\" title=\"\">\t\t\t\t\t\t\t\t\t\t\t\t\t\t\t<\/div>\n\t\t\t\t<div class=\"elementor-element elementor-element-4e52ec4 my-Text elementor-widget__width-initial elementor-widget-mobile__width-inherit elementor-widget elementor-widget-text-editor\" data-id=\"4e52ec4\" data-element_type=\"widget\" data-e-type=\"widget\" data-widget_type=\"text-editor.default\">\n\t\t\t\t\t\t\t\t\t<h2>Politique en mati\u00e8re de cookies pour REWA Tech<\/h2><p>Il s'agit de la politique en mati\u00e8re de cookies de REWA Tech, accessible \u00e0 partir de <a style=\"text-align: var(--text-align); background-color: #ffffff;\" href=\"https:\/\/rewa.tech\/fr\/\">https:\/\/rewa.tech<\/a><\/p><hr class=\"style-two\" \/><h2>Qu'est-ce qu'un cookie ?<\/h2><p><span style=\"font-weight: 400;\">Comme la plupart des sites web professionnels, ce site utilise des cookies, qui sont de minuscules fichiers t\u00e9l\u00e9charg\u00e9s sur votre ordinateur, afin d'am\u00e9liorer votre exp\u00e9rience. Cette page d\u00e9crit les informations que nous recueillons, la mani\u00e8re dont nous les utilisons et la raison pour laquelle nous devons parfois stocker ces cookies. Nous vous expliquons \u00e9galement comment vous pouvez emp\u00eacher ces cookies d'\u00eatre stock\u00e9s, mais cela peut entra\u00eener une d\u00e9gradation ou une interruption de certains \u00e9l\u00e9ments de la fonctionnalit\u00e9 du site.<\/span><\/p><hr class=\"style-two\" \/><h2>Comment nous utilisons les cookies<\/h2><p><span style=\"font-weight: 400;\">Nous utilisons des cookies pour diverses raisons d\u00e9taill\u00e9es ci-dessous. Malheureusement, dans la plupart des cas, il n'existe pas d'options standard pour d\u00e9sactiver les cookies sans d\u00e9sactiver compl\u00e8tement les fonctionnalit\u00e9s et les caract\u00e9ristiques qu'ils ajoutent \u00e0 ce site. Il est recommand\u00e9 de laisser tous les cookies activ\u00e9s si vous n'\u00eates pas s\u00fbr d'en avoir besoin ou non, au cas o\u00f9 ils seraient utilis\u00e9s pour fournir un service que vous utilisez.<\/span><\/p><hr class=\"style-two\" \/><h2>D\u00e9sactivation des cookies<\/h2><p><span style=\"font-weight: 400;\">Vous pouvez emp\u00eacher l'installation de cookies en ajustant les param\u00e8tres de votre navigateur (voir l'aide de votre navigateur pour savoir comment proc\u00e9der). Sachez que la d\u00e9sactivation des cookies affectera la fonctionnalit\u00e9 de ce site et de nombreux autres sites que vous visitez. La d\u00e9sactivation des cookies entra\u00eene g\u00e9n\u00e9ralement la d\u00e9sactivation de certaines fonctionnalit\u00e9s et caract\u00e9ristiques de ce site. Il est donc recommand\u00e9 de ne pas d\u00e9sactiver les cookies.<\/span><\/p><hr class=\"style-two\" \/><h2>Les cookies que nous installons<\/h2><ul><li><span class=\"listhead\">Cookies li\u00e9s au compte<\/span><span style=\"font-weight: 400;\">Si vous cr\u00e9ez un compte chez nous, nous utiliserons des cookies pour g\u00e9rer le processus d'inscription et l'administration g\u00e9n\u00e9rale. Ces cookies sont g\u00e9n\u00e9ralement supprim\u00e9s lorsque vous vous d\u00e9connectez. Toutefois, dans certains cas, ils peuvent \u00eatre conserv\u00e9s par la suite afin de m\u00e9moriser vos pr\u00e9f\u00e9rences sur le site lorsque vous \u00eates d\u00e9connect\u00e9.<\/span><\/li><li><span class=\"listhead\">Cookies li\u00e9s \u00e0 la connexion<\/span><br \/>Nous utilisons des cookies lorsque vous \u00eates connect\u00e9 afin de nous en souvenir. Cela vous \u00e9vite de devoir vous connecter \u00e0 chaque fois que vous visitez une nouvelle page. Ces cookies sont g\u00e9n\u00e9ralement supprim\u00e9s ou effac\u00e9s lorsque vous vous d\u00e9connectez afin de garantir que vous ne puissiez acc\u00e9der \u00e0 des fonctions et zones restreintes que lorsque vous \u00eates connect\u00e9.<\/li><li><span class=\"listhead\">Cookies li\u00e9s aux bulletins d'information \u00e9lectroniques<\/span><br \/>Ce site propose des services d'abonnement \u00e0 des lettres d'information ou \u00e0 des courriels et des cookies peuvent \u00eatre utilis\u00e9s pour savoir si vous \u00eates d\u00e9j\u00e0 inscrit et pour afficher certaines notifications qui peuvent n'\u00eatre valables que pour les utilisateurs inscrits ou non inscrits.<\/li><li><span class=\"listhead\">Cookies li\u00e9s aux enqu\u00eates<\/span><br \/>De temps \u00e0 autre, nous proposons des enqu\u00eates et des questionnaires aux utilisateurs afin de vous fournir des informations int\u00e9ressantes et des outils utiles, ou de mieux comprendre notre base d'utilisateurs. Ces enqu\u00eates peuvent utiliser des cookies pour se souvenir des personnes qui ont d\u00e9j\u00e0 particip\u00e9 \u00e0 une enqu\u00eate ou pour vous fournir des r\u00e9sultats pr\u00e9cis lorsque vous changez de page.<\/li><li><span class=\"listhead\">Cookies li\u00e9s aux formulaires<\/span><br \/>Lorsque vous soumettez des donn\u00e9es par le biais d'un formulaire, comme ceux que l'on trouve sur les pages de contact ou les formulaires de commentaires, des cookies peuvent \u00eatre mis en place pour m\u00e9moriser vos coordonn\u00e9es d'utilisateur en vue d'une correspondance ult\u00e9rieure.<\/li><li><span class=\"listhead\">Cookies relatifs aux pr\u00e9f\u00e9rences du site<\/span><br \/>Afin de vous offrir une exp\u00e9rience agr\u00e9able sur ce site, nous vous offrons la possibilit\u00e9 de d\u00e9finir vos pr\u00e9f\u00e9rences quant au fonctionnement de ce site lorsque vous l'utilisez. Pour m\u00e9moriser vos pr\u00e9f\u00e9rences, nous devons installer des cookies afin que ces informations puissent \u00eatre appel\u00e9es chaque fois que vous interagissez avec une page affect\u00e9e par vos pr\u00e9f\u00e9rences.<\/li><\/ul><hr class=\"style-two\" \/><h2>Cookies de tiers<\/h2><p>Dans certains cas particuliers, nous utilisons \u00e9galement des cookies fournis par des tiers de confiance. La section suivante d\u00e9taille les cookies de tiers que vous pouvez rencontrer sur ce site.<\/p><ul class=\"list2\"><li>Ce site utilise Google Analytics, l'une des solutions d'analyse les plus r\u00e9pandues et les plus fiables sur le web, pour nous aider \u00e0 comprendre comment vous utilisez le site et comment nous pouvons am\u00e9liorer votre exp\u00e9rience. Ces cookies peuvent suivre des \u00e9l\u00e9ments tels que le temps que vous passez sur le site et les pages que vous visitez afin que nous puissions continuer \u00e0 produire un contenu attrayant. Pour plus d'informations sur les cookies de Google Analytics, consultez la page officielle de Google Analytics.<\/li><li>De temps \u00e0 autre, nous testons de nouvelles fonctionnalit\u00e9s et apportons des changements subtils \u00e0 la mani\u00e8re dont le site est fourni. Lorsque nous testons encore de nouvelles fonctionnalit\u00e9s, ces cookies peuvent \u00eatre utilis\u00e9s pour garantir que vous b\u00e9n\u00e9ficiez d'une exp\u00e9rience coh\u00e9rente lorsque vous \u00eates sur le site, tout en nous permettant de comprendre quelles sont les optimisations les plus appr\u00e9ci\u00e9es par nos utilisateurs.<\/li><li>Nous utilisons \u00e9galement des boutons de m\u00e9dias sociaux et\/ou des plugins sur ce site qui vous permettent de vous connecter \u00e0 votre r\u00e9seau social de diff\u00e9rentes mani\u00e8res. Pour que ces boutons fonctionnent, les sites de m\u00e9dias sociaux suivants, notamment Facebook, YouTube, Linkedin, X, etc., installeront des cookies sur notre site qui pourront \u00eatre utilis\u00e9s pour am\u00e9liorer votre profil sur leur site ou contribuer aux donn\u00e9es qu'ils d\u00e9tiennent \u00e0 diverses fins d\u00e9crites dans leurs politiques respectives de protection de la vie priv\u00e9e.<\/li><\/ul><hr class=\"style-two\" \/><h2>Plus d'informations<\/h2><p>Nous esp\u00e9rons avoir clarifi\u00e9 les choses pour vous et, comme indiqu\u00e9 pr\u00e9c\u00e9demment, si vous n'\u00eates pas s\u00fbr d'avoir besoin de quelque chose, il est g\u00e9n\u00e9ralement plus prudent de laisser les cookies activ\u00e9s au cas o\u00f9 ils interagiraient avec l'une des fonctions que vous utilisez sur notre site.<\/p><p>Toutefois, si vous souhaitez obtenir davantage d'informations, vous pouvez nous contacter par l'une de nos m\u00e9thodes de contact pr\u00e9f\u00e9r\u00e9es :<\/p><ul><li>Courriel : sales@rewa.tech<\/li><li>WhatsApp\/WeChat : +852 5167 5273<\/li><\/ul>\t\t\t\t\t\t\t\t<\/div>\n\t\t\t\t\t<\/div>\n\t\t\t\t<\/section>\n\t\t\t\t<\/div>","protected":false},"excerpt":{"rendered":"<p>Cookies Cookie Policy for REWA Tech This is the Cookie Policy for REWA Tech, accessible from https:\/\/rewa.tech What Are Cookies As is common practice with almost all professional websites this site uses cookies, which are tiny files that are downloaded to your computer, to improve your experience. This page describes what information we gather, how [&hellip;]<\/p>\n","protected":false},"author":1,"featured_media":0,"parent":0,"menu_order":0,"comment_status":"closed","ping_status":"closed","template":"","meta":{"footnotes":""},"class_list":["post-9736","page","type-page","status-publish","hentry"],"_links":{"self":[{"href":"https:\/\/rewa.tech\/fr\/wp-json\/wp\/v2\/pages\/9736","targetHints":{"allow":["GET"]}}],"collection":[{"href":"https:\/\/rewa.tech\/fr\/wp-json\/wp\/v2\/pages"}],"about":[{"href":"https:\/\/rewa.tech\/fr\/wp-json\/wp\/v2\/types\/page"}],"author":[{"embeddable":true,"href":"https:\/\/rewa.tech\/fr\/wp-json\/wp\/v2\/users\/1"}],"replies":[{"embeddable":true,"href":"https:\/\/rewa.tech\/fr\/wp-json\/wp\/v2\/comments?post=9736"}],"version-history":[{"count":0,"href":"https:\/\/rewa.tech\/fr\/wp-json\/wp\/v2\/pages\/9736\/revisions"}],"wp:attachment":[{"href":"https:\/\/rewa.tech\/fr\/wp-json\/wp\/v2\/media?parent=9736"}],"curies":[{"name":"wp","href":"https:\/\/api.w.org\/{rel}","templated":true}]}}