{"id":6902,"date":"2023-09-21T17:51:38","date_gmt":"2023-09-21T09:51:38","guid":{"rendered":"https:\/\/rewa.tech\/?page_id=6902"},"modified":"2025-05-07T18:13:07","modified_gmt":"2025-05-07T10:13:07","slug":"termini-e-condizioni","status":"publish","type":"page","link":"https:\/\/rewa.tech\/it\/terms-conditions\/","title":{"rendered":"Termini e condizioni"},"content":{"rendered":"<div data-elementor-type=\"wp-page\" data-elementor-id=\"6902\" class=\"elementor elementor-6902\" data-elementor-post-type=\"page\">\n\t\t\t\t<section data-particle_enable=\"false\" data-particle-mobile-disabled=\"false\" class=\"elementor-element elementor-element-778beca e-flex e-con-boxed e-con e-parent\" data-id=\"778beca\" data-element_type=\"container\" data-e-type=\"container\">\n\t\t\t\t\t<div class=\"e-con-inner\">\n\t\t\t\t<div class=\"elementor-element elementor-element-7e66da0 elementor-widget elementor-widget-heading\" data-id=\"7e66da0\" data-element_type=\"widget\" data-e-type=\"widget\" data-widget_type=\"heading.default\">\n\t\t\t\t\t<h1 class=\"elementor-heading-title elementor-size-default\">Termini e condizioni<\/h1>\t\t\t\t<\/div>\n\t\t\t\t<div class=\"elementor-element elementor-element-836e5e3 elementor-widget elementor-widget-image\" data-id=\"836e5e3\" data-element_type=\"widget\" data-e-type=\"widget\" data-widget_type=\"image.default\">\n\t\t\t\t\t\t\t\t\t\t\t\t\t\t\t<img fetchpriority=\"high\" decoding=\"async\" width=\"1200\" height=\"312\" src=\"https:\/\/rewa.tech\/wp-content\/uploads\/2024\/06\/img_terms_banner.jpg\" class=\"attachment-full size-full wp-image-25468\" alt=\"termini e condizioni\" srcset=\"https:\/\/rewa.tech\/wp-content\/uploads\/2024\/06\/img_terms_banner.jpg 1200w, https:\/\/rewa.tech\/wp-content\/uploads\/2024\/06\/img_terms_banner-300x78.jpg 300w, https:\/\/rewa.tech\/wp-content\/uploads\/2024\/06\/img_terms_banner-1024x266.jpg 1024w, https:\/\/rewa.tech\/wp-content\/uploads\/2024\/06\/img_terms_banner-768x200.jpg 768w\" sizes=\"(max-width: 1200px) 100vw, 1200px\" title=\"\">\t\t\t\t\t\t\t\t\t\t\t\t\t\t\t<\/div>\n\t\t\t\t\t<\/div>\n\t\t\t\t<\/section>\n\t\t<section data-particle_enable=\"false\" data-particle-mobile-disabled=\"false\" class=\"elementor-element elementor-element-ae40832 e-flex e-con-boxed e-con e-parent\" data-id=\"ae40832\" data-element_type=\"container\" data-e-type=\"container\">\n\t\t\t\t\t<div class=\"e-con-inner\">\n\t\t\t\t<div class=\"elementor-element elementor-element-e5107c0 my-Text elementor-widget__width-initial elementor-widget-mobile__width-inherit elementor-widget elementor-widget-text-editor\" data-id=\"e5107c0\" data-element_type=\"widget\" data-e-type=\"widget\" data-widget_type=\"text-editor.default\">\n\t\t\t\t\t\t\t\t\t<h2>Termini e condizioni per REWA Tech<\/h2><p>Benvenuti in REWA Tech!<\/p><p>Questi termini e condizioni delineano le regole e le norme per l'utilizzo del sito web di REWA Tech, situato all'indirizzo https:\/\/rewa.tech.<\/p><p>Accedendo a questo sito web si presume che accettiate questi termini e condizioni. Non continuate a utilizzare REWA Tech se non accettate tutti i termini e le condizioni indicati in questa pagina.<\/p><p>La seguente terminologia si applica ai presenti Termini e condizioni, alla Dichiarazione sulla privacy e all'Avviso di esclusione di responsabilit\u00e0 e a tutti gli accordi: \"Cliente\", \"Lei\" e \"Suo\" si riferiscono a Lei, la persona che accede a questo sito web e che accetta i termini e le condizioni della Societ\u00e0. \"La Societ\u00e0\", \"Noi\", \"Noi\", \"Nostro\" e \"Noi\", si riferisce alla nostra Societ\u00e0. \"Parte\", \"Parti\" o \"Noi\" si riferiscono sia al Cliente che a noi. Tutti i termini si riferiscono all'offerta, all'accettazione e al corrispettivo del pagamento necessario per intraprendere il processo di assistenza al Cliente nel modo pi\u00f9 appropriato allo scopo esplicito di soddisfare le esigenze del Cliente in relazione alla fornitura dei servizi dichiarati dalla Societ\u00e0, in conformit\u00e0 e nel rispetto della legge vigente nei Paesi Bassi. Qualsiasi uso della terminologia di cui sopra o di altre parole al singolare, al plurale, con la maiuscola, e\/o lui\/lei o loro, sono considerati intercambiabili e quindi riferiti allo stesso.<\/p><hr class=\"style-two\" \/><h2>Biscotti<\/h2><p>Utilizziamo i cookie. Accedendo a REWA Tech, l'utente accetta di utilizzare i cookie in accordo con l'Informativa sulla privacy di REWA Tech.<\/p><p>La maggior parte dei siti web interattivi utilizza i cookie per recuperare i dati dell'utente ad ogni visita. I cookie vengono utilizzati dal nostro sito web per consentire la funzionalit\u00e0 di alcune aree, in modo da agevolare le persone che visitano il nostro sito. Anche alcuni dei nostri partner affiliati\/pubblicitari possono utilizzare i cookie.<\/p><hr class=\"style-two\" \/><h2>Licenza<\/h2><p>Se non diversamente specificato, REWA Tech e\/o i suoi licenziatari detengono i diritti di propriet\u00e0 intellettuale per tutto il materiale presente su REWA Tech. Tutti i diritti di propriet\u00e0 intellettuale sono riservati. \u00c8 possibile accedere a questo materiale di REWA Tech per uso personale, nel rispetto delle restrizioni stabilite nei presenti termini e condizioni.<\/p><p>Non si deve:<\/p><ul><li>Ripubblicare materiale da REWA Tech<\/li><li>Vendere, noleggiare o concedere in sublicenza il materiale di REWA Tech.<\/li><li>Riprodurre, duplicare o copiare il materiale di REWA Tech.<\/li><li>Ridistribuire i contenuti di REWA Tech<\/li><\/ul><p>Il presente Accordo decorre dalla data del presente documento.<\/p><p>Alcune parti di questo sito web offrono agli utenti la possibilit\u00e0 di pubblicare e scambiare opinioni e informazioni in determinate aree del sito. REWA Tech non filtra, modifica, pubblica o rivede i commenti prima della loro presenza sul sito web. I commenti non riflettono i punti di vista e le opinioni di REWA Tech, dei suoi agenti e\/o affiliati. I commenti riflettono i punti di vista e le opinioni della persona che li pubblica. Nella misura consentita dalle leggi applicabili, REWA Tech non sar\u00e0 responsabile per i Commenti o per qualsiasi responsabilit\u00e0, danno o spesa causati e\/o subiti in seguito all'uso e\/o alla pubblicazione e\/o all'apparizione dei Commenti su questo sito web.<\/p><p>REWA Tech si riserva il diritto di monitorare tutti i commenti e di rimuovere quelli che possono essere considerati inappropriati, offensivi o che causano una violazione dei presenti Termini e condizioni.<\/p><p>L'utente garantisce e dichiara che:<\/p><ul><li>Siete autorizzati a pubblicare i Commenti sul nostro sito web e disponete di tutte le licenze e i consensi necessari per farlo;<\/li><li>I Commenti non violano alcun diritto di propriet\u00e0 intellettuale, inclusi, senza limitazioni, diritti d'autore, brevetti o marchi di terzi;<\/li><li>I Commenti non contengono materiale diffamatorio, calunnioso, offensivo, indecente o altrimenti illegale che costituisca una violazione della privacy.<\/li><li>I Commenti non saranno utilizzati per sollecitare o promuovere affari o consuetudini o presentare attivit\u00e0 commerciali o attivit\u00e0 illegali.<\/li><\/ul><p>Con la presente concedete a REWA Tech una licenza non esclusiva per utilizzare, riprodurre, modificare e autorizzare altri a utilizzare, riprodurre e modificare qualsiasi vostro commento in qualsiasi forma, formato o media.<\/p><hr class=\"style-two\" \/><h2>Collegamento ipertestuale ai nostri contenuti<\/h2><p>Le seguenti organizzazioni possono collegarsi al nostro sito web senza previa approvazione scritta:<\/p><ul><li>Agenzie governative;<\/li><li>Motori di ricerca;<\/li><li>Organizzazioni giornalistiche;<\/li><li>I distributori di elenchi online possono collegarsi al nostro sito web nello stesso modo in cui si collegano ai siti web di altre aziende elencate; e<\/li><li>Le aziende accreditate a livello di sistema, ad eccezione delle organizzazioni no-profit, dei centri commerciali di beneficenza e dei gruppi di raccolta fondi di beneficenza che non possono collegarsi al nostro sito Web.<\/li><\/ul><p>Queste organizzazioni possono inserire un link alla nostra home page, alle pubblicazioni o ad altre informazioni del sito web, a condizione che il link: (a) non sia in alcun modo ingannevole; (b) non implichi falsamente la sponsorizzazione, l'avallo o l'approvazione del linkante e dei suoi prodotti e\/o servizi; e (c) si inserisca nel contesto del sito del linkante.<\/p><p>Possiamo prendere in considerazione e approvare altre richieste di link da parte dei seguenti tipi di organizzazioni:<\/p><ul><li>fonti di informazione comunemente conosciute dai consumatori e\/o dalle imprese;<\/li><li>siti di comunit\u00e0 dot.com;<\/li><li>associazioni o altri gruppi che rappresentano enti di beneficenza;<\/li><li>distributori di elenchi online;<\/li><li>portali internet;<\/li><li>societ\u00e0 di contabilit\u00e0, studi legali e di consulenza; e<\/li><li>istituzioni educative e associazioni di categoria.<\/li><\/ul><p>Approveremo le richieste di link da parte di queste organizzazioni se decideremo che: (a) il link non ci faccia apparire sfavorevoli a noi stessi o alle nostre aziende accreditate; (b) l'organizzazione non abbia precedenti negativi con noi; (c) il beneficio per noi derivante dalla visibilit\u00e0 del collegamento ipertestuale compensi l'assenza di REWA Tech; e (d) il link sia nel contesto di informazioni generali sulle risorse.<\/p><p>Queste organizzazioni possono collegarsi alla nostra home page a condizione che il link: (a) non sia in alcun modo ingannevole; (b) non implichi falsamente la sponsorizzazione, l'avallo o l'approvazione del linkante e dei suoi prodotti o servizi; e (c) si inserisca nel contesto del sito del linkante.<\/p><p>Se siete una delle organizzazioni elencate nel precedente paragrafo 2 e siete interessati a collegarvi al nostro sito web, dovete informarci inviando un'e-mail a REWA Tech. Vi preghiamo di includere il vostro nome, il nome della vostra organizzazione e le informazioni di contatto, nonch\u00e9 l'URL del vostro sito, un elenco di tutti gli URL da cui intendete collegarvi al nostro sito web e un elenco degli URL del nostro sito a cui vorreste collegarvi. Attendere 2-3 settimane per una risposta.<\/p><p>Le organizzazioni autorizzate possono collegarsi al nostro sito web come segue:<\/p><ul><li>Utilizzando la nostra ragione sociale; o<\/li><li>Tramite l'uso del localizzatore uniforme di risorse a cui si \u00e8 collegati; oppure<\/li><li>Utilizzando qualsiasi altra descrizione del nostro sito web a cui si \u00e8 collegati che abbia senso nel contesto e nel formato del contenuto del sito della parte collegata.<\/li><\/ul><p>Non \u00e8 consentito l'uso del logo o di altre immagini di REWA Tech per il linking in assenza di un accordo di licenza sul marchio.<\/p><hr class=\"style-two\" \/><h2>iFrames<\/h2><p>Senza previa approvazione e autorizzazione scritta, non \u00e8 possibile creare cornici intorno alle nostre pagine web che alterino in qualsiasi modo la presentazione visiva o l'aspetto del nostro sito web.<\/p><hr class=\"style-two\" \/><h2>Responsabilit\u00e0 del contenuto<\/h2><p>Non saremo ritenuti responsabili di alcun contenuto che appaia sul vostro sito web. L'utente accetta di proteggerci e difenderci da tutte le richieste di risarcimento che dovessero sorgere sul suo sito web. In nessun sito web devono comparire link che possano essere interpretati come diffamatori, osceni o criminali, o che infrangano, violino in altro modo o promuovano la violazione di diritti di terzi.<\/p><hr class=\"style-two\" \/><h2>Riserva di diritti<\/h2><p>Ci riserviamo il diritto di richiedere la rimozione di tutti i link o di un particolare link al nostro sito web. L'utente accetta di rimuovere immediatamente tutti i link al nostro sito web su richiesta. Ci riserviamo inoltre il diritto di modificare i presenti termini e condizioni e la politica di collegamento in qualsiasi momento. Collegandovi continuamente al nostro Sito web, accettate di essere vincolati e di seguire i presenti termini e condizioni di collegamento.<\/p><hr class=\"style-two\" \/><h2>Rimozione di link dal nostro sito web<\/h2><p>Se sul nostro sito web trovate un link offensivo per qualsiasi motivo, siete liberi di contattarci e informarci in qualsiasi momento. Prenderemo in considerazione le richieste di rimozione dei link, ma non siamo obbligati a farlo o a rispondere direttamente all'utente.<\/p><p>Non assicuriamo che le informazioni contenute nel sito siano corrette, non ne garantiamo la completezza o l'accuratezza, n\u00e9 promettiamo di garantire che il sito rimanga disponibile o che il materiale contenuto nel sito sia aggiornato.<\/p><hr class=\"style-two\" \/><h2>Esclusione di responsabilit\u00e0<\/h2><p>Nella misura massima consentita dalla legge applicabile, escludiamo tutte le dichiarazioni, garanzie e condizioni relative al nostro sito web e all'uso di questo sito web. Nulla di quanto contenuto nella presente clausola di esclusione della responsabilit\u00e0:<\/p><ul><li>limitare o escludere la nostra o la vostra responsabilit\u00e0 per morte o lesioni personali;<\/li><li>limitare o escludere la nostra o la vostra responsabilit\u00e0 per frode o falsa dichiarazione fraudolenta;<\/li><li>limitare le nostre o le vostre responsabilit\u00e0 in qualsiasi modo che non sia consentito dalla legge applicabile; oppure<\/li><li>escludere qualsiasi nostra o vostra responsabilit\u00e0 che non possa essere esclusa ai sensi della legge applicabile.<\/li><\/ul><p>Le limitazioni e i divieti di responsabilit\u00e0 indicati in questa sezione e in altri punti della presente clausola di esclusione della responsabilit\u00e0: (a) sono soggetti al paragrafo precedente; e (b) disciplinano tutte le responsabilit\u00e0 derivanti dalla clausola di esclusione della responsabilit\u00e0, comprese le responsabilit\u00e0 derivanti da contratto, da illecito civile e da violazione di obblighi di legge.<\/p><p>Finch\u00e9 il sito web e le informazioni e i servizi presenti sul sito web sono forniti gratuitamente, non saremo responsabili di eventuali perdite o danni di qualsiasi natura.<\/p>\t\t\t\t\t\t\t\t<\/div>\n\t\t\t\t\t<\/div>\n\t\t\t\t<\/section>\n\t\t\t\t<\/div>","protected":false},"excerpt":{"rendered":"<p>Terms &#038; Conditions Terms &amp; Conditions For REWA Tech Welcome to REWA Tech! These terms and conditions outline the rules and regulations for the use of REWA Tech&#8217;s Website, located at https:\/\/rewa.tech. By accessing this website we assume you accept these terms and conditions. Do not continue to use REWA Tech if you do not [&hellip;]<\/p>\n","protected":false},"author":1,"featured_media":25468,"parent":0,"menu_order":0,"comment_status":"closed","ping_status":"closed","template":"","meta":{"footnotes":""},"class_list":["post-6902","page","type-page","status-publish","has-post-thumbnail","hentry"],"_links":{"self":[{"href":"https:\/\/rewa.tech\/it\/wp-json\/wp\/v2\/pages\/6902","targetHints":{"allow":["GET"]}}],"collection":[{"href":"https:\/\/rewa.tech\/it\/wp-json\/wp\/v2\/pages"}],"about":[{"href":"https:\/\/rewa.tech\/it\/wp-json\/wp\/v2\/types\/page"}],"author":[{"embeddable":true,"href":"https:\/\/rewa.tech\/it\/wp-json\/wp\/v2\/users\/1"}],"replies":[{"embeddable":true,"href":"https:\/\/rewa.tech\/it\/wp-json\/wp\/v2\/comments?post=6902"}],"version-history":[{"count":0,"href":"https:\/\/rewa.tech\/it\/wp-json\/wp\/v2\/pages\/6902\/revisions"}],"wp:featuredmedia":[{"embeddable":true,"href":"https:\/\/rewa.tech\/it\/wp-json\/wp\/v2\/media\/25468"}],"wp:attachment":[{"href":"https:\/\/rewa.tech\/it\/wp-json\/wp\/v2\/media?parent=6902"}],"curies":[{"name":"wp","href":"https:\/\/api.w.org\/{rel}","templated":true}]}}