{"id":9736,"date":"2023-12-14T15:38:57","date_gmt":"2023-12-14T07:38:57","guid":{"rendered":"https:\/\/rewa.tech\/?page_id=9736"},"modified":"2025-03-26T11:32:09","modified_gmt":"2025-03-26T03:32:09","slug":"biscotti","status":"publish","type":"page","link":"https:\/\/rewa.tech\/it\/cookies\/","title":{"rendered":"Biscotti"},"content":{"rendered":"<div data-elementor-type=\"wp-page\" data-elementor-id=\"9736\" class=\"elementor elementor-9736\" data-elementor-post-type=\"page\">\n\t\t\t\t<section data-particle_enable=\"false\" data-particle-mobile-disabled=\"false\" class=\"elementor-element elementor-element-4737a72 e-flex e-con-boxed e-con e-parent\" data-id=\"4737a72\" data-element_type=\"container\" data-e-type=\"container\">\n\t\t\t\t\t<div class=\"e-con-inner\">\n\t\t\t\t<div class=\"elementor-element elementor-element-2d1e59c elementor-widget elementor-widget-heading\" data-id=\"2d1e59c\" data-element_type=\"widget\" data-e-type=\"widget\" data-widget_type=\"heading.default\">\n\t\t\t\t\t<h1 class=\"elementor-heading-title elementor-size-default\">Biscotti<\/h1>\t\t\t\t<\/div>\n\t\t\t\t<div class=\"elementor-element elementor-element-96953ad elementor-widget elementor-widget-image\" data-id=\"96953ad\" data-element_type=\"widget\" data-e-type=\"widget\" data-widget_type=\"image.default\">\n\t\t\t\t\t\t\t\t\t\t\t\t\t\t\t<img fetchpriority=\"high\" decoding=\"async\" width=\"1200\" height=\"312\" src=\"https:\/\/rewa.tech\/wp-content\/uploads\/2024\/06\/img_cookies_banner.jpg\" class=\"attachment-full size-full wp-image-25464\" alt=\"\" srcset=\"https:\/\/rewa.tech\/wp-content\/uploads\/2024\/06\/img_cookies_banner.jpg 1200w, https:\/\/rewa.tech\/wp-content\/uploads\/2024\/06\/img_cookies_banner-300x78.jpg 300w, https:\/\/rewa.tech\/wp-content\/uploads\/2024\/06\/img_cookies_banner-1024x266.jpg 1024w, https:\/\/rewa.tech\/wp-content\/uploads\/2024\/06\/img_cookies_banner-768x200.jpg 768w\" sizes=\"(max-width: 1200px) 100vw, 1200px\" title=\"\">\t\t\t\t\t\t\t\t\t\t\t\t\t\t\t<\/div>\n\t\t\t\t<div class=\"elementor-element elementor-element-4e52ec4 my-Text elementor-widget__width-initial elementor-widget-mobile__width-inherit elementor-widget elementor-widget-text-editor\" data-id=\"4e52ec4\" data-element_type=\"widget\" data-e-type=\"widget\" data-widget_type=\"text-editor.default\">\n\t\t\t\t\t\t\t\t\t<h2>Informativa sui cookie per REWA Tech<\/h2><p>Questa \u00e8 l'informativa sui cookie di REWA Tech, accessibile da <a style=\"text-align: var(--text-align); background-color: #ffffff;\" href=\"https:\/\/rewa.tech\/it\/\">https:\/\/rewa.tech<\/a><\/p><hr class=\"style-two\" \/><h2>Cosa sono i cookie<\/h2><p><span style=\"font-weight: 400;\">Come \u00e8 prassi comune di quasi tutti i siti web professionali, questo sito utilizza i cookie, che sono piccoli file che vengono scaricati sul vostro computer, per migliorare la vostra esperienza. Questa pagina descrive quali informazioni raccogliamo, come le utilizziamo e perch\u00e9 a volte abbiamo bisogno di memorizzare questi cookie. Verr\u00e0 inoltre illustrato il modo in cui \u00e8 possibile impedire la memorizzazione di questi cookie, anche se ci\u00f2 potrebbe ridurre o \"interrompere\" alcuni elementi della funzionalit\u00e0 del sito.<\/span><\/p><hr class=\"style-two\" \/><h2>Come utilizziamo i cookie<\/h2><p><span style=\"font-weight: 400;\">Utilizziamo i cookie per una serie di motivi illustrati di seguito. Purtroppo, nella maggior parte dei casi, non esistono opzioni standard del settore per disabilitare i cookie senza disattivare completamente le funzionalit\u00e0 e le caratteristiche che essi aggiungono a questo sito. Si consiglia di lasciare attivi tutti i cookie se non si \u00e8 sicuri di averne bisogno o meno, nel caso in cui vengano utilizzati per fornire un servizio che si utilizza.<\/span><\/p><hr class=\"style-two\" \/><h2>Disabilitazione dei cookie<\/h2><p><span style=\"font-weight: 400;\">\u00c8 possibile impedire l'impostazione dei cookie modificando le impostazioni del proprio browser (per sapere come fare, consultare la Guida del browser). Tenete presente che la disabilitazione dei cookie influisce sulla funzionalit\u00e0 di questo e di molti altri siti web che visitate. La disabilitazione dei cookie di solito comporta anche la disabilitazione di alcune funzionalit\u00e0 e caratteristiche di questo sito. Si raccomanda pertanto di non disabilitare i cookie.<\/span><\/p><hr class=\"style-two\" \/><h2>I cookie che impostiamo<\/h2><ul><li><span class=\"listhead\">Cookie relativi all'account<\/span><span style=\"font-weight: 400;\">Se create un account con noi, utilizzeremo i cookie per la gestione del processo di iscrizione e per l'amministrazione generale. Questi cookie vengono solitamente eliminati al momento della disconnessione, ma in alcuni casi possono rimanere anche in seguito per ricordare le preferenze del sito quando si \u00e8 disconnessi.<\/span><\/li><li><span class=\"listhead\">Cookie relativi all'accesso<\/span><br \/>Utilizziamo i cookie quando l'utente \u00e8 connesso, in modo da ricordare questo fatto. In questo modo si evita di dover effettuare il login ogni volta che si visita una nuova pagina. Questi cookie vengono generalmente rimossi o cancellati quando si effettua il logout, per garantire che l'utente possa accedere a funzioni e aree riservate solo quando \u00e8 connesso.<\/li><li><span class=\"listhead\">Cookie relativi alle newsletter via e-mail<\/span><br \/>Questo sito offre servizi di newsletter o di iscrizione via e-mail e i cookie possono essere utilizzati per ricordare se l'utente \u00e8 gi\u00e0 registrato e se mostrare determinate notifiche che potrebbero essere valide solo per gli utenti iscritti\/non iscritti.<\/li><li><span class=\"listhead\">Cookie relativi ai sondaggi<\/span><br \/>Di tanto in tanto offriamo sondaggi e questionari agli utenti per fornire loro spunti interessanti e strumenti utili o per comprendere meglio la nostra base di utenti. Questi sondaggi possono utilizzare i cookie per ricordare chi ha gi\u00e0 partecipato a un sondaggio o per fornire risultati accurati dopo aver cambiato pagina.<\/li><li><span class=\"listhead\">Cookie relativi ai moduli<\/span><br \/>Quando si inviano dati attraverso un modulo, come quelli presenti nelle pagine di contatto o nei moduli di commento, \u00e8 possibile che vengano impostati dei cookie per ricordare i dati dell'utente per la corrispondenza futura.<\/li><li><span class=\"listhead\">Cookie per le preferenze del sito<\/span><br \/>Per offrirvi un'esperienza ottimale su questo sito, vi offriamo la possibilit\u00e0 di impostare le vostre preferenze per il funzionamento del sito quando lo utilizzate. Per ricordare le preferenze dell'utente \u00e8 necessario impostare dei cookie in modo che queste informazioni possano essere richiamate ogni volta che l'utente interagisce con una pagina influenzata dalle sue preferenze.<\/li><\/ul><hr class=\"style-two\" \/><h2>Cookie di terze parti<\/h2><p>In alcuni casi particolari, utilizziamo anche cookie forniti da terze parti fidate. La seguente sezione illustra in dettaglio i cookie di terze parti che potreste incontrare in questo sito.<\/p><ul class=\"list2\"><li>Questo sito utilizza Google Analytics, una delle soluzioni analitiche pi\u00f9 diffuse e affidabili del web, per aiutarci a capire come utilizzate il sito e come possiamo migliorare la vostra esperienza. Questi cookie possono tracciare elementi quali il tempo trascorso sul sito e le pagine visitate, in modo da poter continuare a produrre contenuti coinvolgenti. Per ulteriori informazioni sui cookie di Google Analytics, consultare la pagina ufficiale di Google Analytics.<\/li><li>Di tanto in tanto testiamo nuove funzionalit\u00e0 e apportiamo lievi modifiche al modo in cui il sito viene fornito. Quando stiamo ancora testando nuove funzionalit\u00e0, questi cookie possono essere utilizzati per garantire che l'utente riceva un'esperienza coerente durante la navigazione del sito, assicurandoci di capire quali ottimizzazioni sono pi\u00f9 apprezzate dai nostri utenti.<\/li><li>Su questo sito utilizziamo anche pulsanti e\/o plugin per i social media che consentono di connettersi con i propri social network in vari modi. Per far s\u00ec che questi funzionino, i seguenti siti di social media, tra cui Facebook, YouTube, Linkedin, X e altri, imposteranno dei cookie attraverso il nostro sito, che potrebbero essere utilizzati per migliorare il vostro profilo sul loro sito o contribuire ai dati in loro possesso per vari scopi descritti nelle rispettive politiche sulla privacy.<\/li><\/ul><hr class=\"style-two\" \/><h2>Ulteriori informazioni<\/h2><p>Speriamo che questo vi abbia chiarito le idee e, come gi\u00e0 detto, se c'\u00e8 qualcosa di cui non siete sicuri di aver bisogno o meno, di solito \u00e8 pi\u00f9 sicuro lasciare i cookie abilitati nel caso in cui interagiscano con una delle funzioni che utilizzate sul nostro sito.<\/p><p>Tuttavia, se siete ancora alla ricerca di ulteriori informazioni, potete contattarci attraverso uno dei nostri metodi di contatto preferiti:<\/p><ul><li>Email: sales@rewa.tech<\/li><li>WhatsApp\/WeChat: +852 5167 5273<\/li><\/ul>\t\t\t\t\t\t\t\t<\/div>\n\t\t\t\t\t<\/div>\n\t\t\t\t<\/section>\n\t\t\t\t<\/div>","protected":false},"excerpt":{"rendered":"<p>Cookies Cookie Policy for REWA Tech This is the Cookie Policy for REWA Tech, accessible from https:\/\/rewa.tech What Are Cookies As is common practice with almost all professional websites this site uses cookies, which are tiny files that are downloaded to your computer, to improve your experience. This page describes what information we gather, how [&hellip;]<\/p>\n","protected":false},"author":1,"featured_media":0,"parent":0,"menu_order":0,"comment_status":"closed","ping_status":"closed","template":"","meta":{"footnotes":""},"class_list":["post-9736","page","type-page","status-publish","hentry"],"_links":{"self":[{"href":"https:\/\/rewa.tech\/it\/wp-json\/wp\/v2\/pages\/9736","targetHints":{"allow":["GET"]}}],"collection":[{"href":"https:\/\/rewa.tech\/it\/wp-json\/wp\/v2\/pages"}],"about":[{"href":"https:\/\/rewa.tech\/it\/wp-json\/wp\/v2\/types\/page"}],"author":[{"embeddable":true,"href":"https:\/\/rewa.tech\/it\/wp-json\/wp\/v2\/users\/1"}],"replies":[{"embeddable":true,"href":"https:\/\/rewa.tech\/it\/wp-json\/wp\/v2\/comments?post=9736"}],"version-history":[{"count":0,"href":"https:\/\/rewa.tech\/it\/wp-json\/wp\/v2\/pages\/9736\/revisions"}],"wp:attachment":[{"href":"https:\/\/rewa.tech\/it\/wp-json\/wp\/v2\/media?parent=9736"}],"curies":[{"name":"wp","href":"https:\/\/api.w.org\/{rel}","templated":true}]}}